{"id":240468,"date":"2023-04-25T12:53:24","date_gmt":"2023-04-25T12:53:24","guid":{"rendered":"https:\/\/plastsolutions.dk\/?page_id=240468"},"modified":"2025-08-20T08:57:18","modified_gmt":"2025-08-20T08:57:18","slug":"konsulent-design-plastproduktion","status":"publish","type":"page","link":"https:\/\/plastsolutions.dk\/de\/konsulent-design-plastproduktion\/","title":{"rendered":"Beratung &amp; Konzeption"},"content":{"rendered":"<p>[et_pb_section fb_built=&#8221;1&#8243; fullwidth=&#8221;on&#8221; _builder_version=&#8221;4.18.1&#8243; _module_preset=&#8221;default&#8221; height=&#8221;95vh&#8221; da_disable_devices=&#8221;off|off|off&#8221; locked=&#8221;off&#8221; global_colors_info=&#8221;{}&#8221; da_is_popup=&#8221;off&#8221; da_exit_intent=&#8221;off&#8221; da_has_close=&#8221;on&#8221; da_alt_close=&#8221;off&#8221; da_dark_close=&#8221;off&#8221; da_not_modal=&#8221;on&#8221; da_is_singular=&#8221;off&#8221; da_with_loader=&#8221;off&#8221; da_has_shadow=&#8221;on&#8221;][et_pb_fullwidth_header title=&#8221;KONSULENT &#038; design&#8221; header_fullscreen=&#8221;on&#8221; content_orientation=&#8221;bottom&#8221; _builder_version=&#8221;4.18.1&#8243; _module_preset=&#8221;default&#8221; title_font=&#8221;Almarai|||on|||||&#8221; title_text_align=&#8221;left&#8221; title_text_color=&#8221;#000000&#8243; title_font_size=&#8221;60px&#8221; title_letter_spacing=&#8221;6px&#8221; background_enable_color=&#8221;off&#8221; use_background_color_gradient=&#8221;on&#8221; background_color_gradient_stops=&#8221;rgba(25,63,119,0) 70%|rgba(140, 159, 187, 0.5) 75%|#ffffff 94%&#8221; background_color_gradient_overlays_image=&#8221;on&#8221; background_image=&#8221;https:\/\/plastsolutions.dk\/wp-content\/uploads\/2023\/04\/Skabelon-banner-hjemmeside-7.png&#8221; background_layout=&#8221;light&#8221; height=&#8221;90vh&#8221; custom_padding=&#8221;0px||0px||false|false&#8221; custom_padding_tablet=&#8221;0px||0px||false|false&#8221; custom_padding_phone=&#8221;35vh||0px||false|false&#8221; custom_padding_last_edited=&#8221;on|desktop&#8221; title_font_size_tablet=&#8221;60px&#8221; title_font_size_phone=&#8221;30px&#8221; title_font_size_last_edited=&#8221;on|phone&#8221; global_colors_info=&#8221;{}&#8221;][\/et_pb_fullwidth_header][\/et_pb_section][et_pb_section fb_built=&#8221;1&#8243; _builder_version=&#8221;4.18.1&#8243; _module_preset=&#8221;default&#8221; min_height_tablet=&#8221;783.3px&#8221; min_height_phone=&#8221;783.3px&#8221; min_height_last_edited=&#8221;off|desktop&#8221; height_tablet=&#8221;&#8221; height_phone=&#8221;&#8221; height_last_edited=&#8221;on|phone&#8221; custom_margin=&#8221;0px||||false|false&#8221; custom_padding=&#8221;5vh||5vh||true|false&#8221; module_alignment_tablet=&#8221;center&#8221; module_alignment_phone=&#8221;center&#8221; module_alignment_last_edited=&#8221;on|tablet&#8221; da_disable_devices=&#8221;off|off|off&#8221; locked=&#8221;off&#8221; global_colors_info=&#8221;{}&#8221; height__hover_enabled=&#8221;off|desktop&#8221; da_is_popup=&#8221;off&#8221; da_exit_intent=&#8221;off&#8221; da_has_close=&#8221;on&#8221; da_alt_close=&#8221;off&#8221; da_dark_close=&#8221;off&#8221; da_not_modal=&#8221;on&#8221; da_is_singular=&#8221;off&#8221; da_with_loader=&#8221;off&#8221; da_has_shadow=&#8221;on&#8221;][et_pb_row column_structure=&#8221;1_2,1_2&#8243; _builder_version=&#8221;4.18.1&#8243; _module_preset=&#8221;default&#8221; height_tablet=&#8221;90vh&#8221; height_phone=&#8221;90vh&#8221; height_last_edited=&#8221;off|desktop&#8221; custom_margin=&#8221;0px|auto||auto|false|false&#8221; custom_padding=&#8221;0px||0px|||&#8221; custom_css_main_element=&#8221;display : flex;||flex-wrap : wrap;&#8221; global_colors_info=&#8221;{}&#8221;][et_pb_column type=&#8221;1_2&#8243; _builder_version=&#8221;4.18.1&#8243; _module_preset=&#8221;default&#8221; animation_direction=&#8221;left&#8221; global_colors_info=&#8221;{}&#8221; custom_css_main_element_last_edited=&#8221;on|tablet&#8221; custom_css_main_element_tablet=&#8221;order: 2;&#8221; custom_css_main_element_phone=&#8221;order: 2;&#8221;][et_pb_image src=&#8221;https:\/\/plastsolutions.dk\/wp-content\/uploads\/2023\/07\/34.jpg&#8221; alt=&#8221;3D design og konsulent&#8221; title_text=&#8221;7&#8243; src_tablet=&#8221;https:\/\/plastsolutions.dk\/wp-content\/uploads\/2023\/07\/7.jpg&#8221; src_phone=&#8221;https:\/\/plastsolutions.dk\/wp-content\/uploads\/2023\/07\/7.jpg&#8221; src_last_edited=&#8221;on|phone&#8221; align_tablet=&#8221;center&#8221; align_phone=&#8221;center&#8221; align_last_edited=&#8221;on|tablet&#8221; disabled_on=&#8221;off|off|off&#8221; _builder_version=&#8221;4.27.4&#8243; _module_preset=&#8221;default&#8221; transform_scale_last_edited=&#8221;off|tablet&#8221; transform_translate_last_edited=&#8221;off|tablet&#8221; transform_rotate_last_edited=&#8221;off|tablet&#8221; transform_skew_last_edited=&#8221;off|tablet&#8221; transform_origin_last_edited=&#8221;off|tablet&#8221; transform_styles_last_edited=&#8221;off|tablet&#8221; width=&#8221;85%&#8221; width_tablet=&#8221;&#8221; width_phone=&#8221;&#8221; width_last_edited=&#8221;on|tablet&#8221; module_alignment=&#8221;left&#8221; height=&#8221;90vh&#8221; height_tablet=&#8221;35vh&#8221; height_phone=&#8221;35vh&#8221; height_last_edited=&#8221;on|tablet&#8221; max_height=&#8221;1000px&#8221; custom_padding=&#8221;||0px||false|false&#8221; custom_padding_tablet=&#8221;2vh||2vh||true|false&#8221; custom_padding_phone=&#8221;2vh||2vh||true|false&#8221; custom_padding_last_edited=&#8221;on|tablet&#8221; animation_direction=&#8221;left&#8221; hover_enabled=&#8221;0&#8243; module_alignment_tablet=&#8221;center&#8221; module_alignment_phone=&#8221;center&#8221; module_alignment_last_edited=&#8221;on|tablet&#8221; border_radii=&#8221;on|5px|5px|5px|5px&#8221; global_colors_info=&#8221;{}&#8221; sticky_enabled=&#8221;0&#8243;][\/et_pb_image][\/et_pb_column][et_pb_column type=&#8221;1_2&#8243; _builder_version=&#8221;4.18.1&#8243; _module_preset=&#8221;default&#8221; animation_direction=&#8221;right&#8221; global_colors_info=&#8221;{}&#8221; custom_css_main_element_last_edited=&#8221;on|tablet&#8221; custom_css_main_element_tablet=&#8221;order: 1;&#8221; custom_css_main_element_phone=&#8221;order: 1;&#8221;][dsm_dual_heading before_text=&#8221;3d-&#8221; middle_text=&#8221;tegninger&#8221; _builder_version=&#8221;4.18.1&#8243; _module_preset=&#8221;default&#8221; header_font=&#8221;Almarai|||on|||||&#8221; header_font_size=&#8221;30px&#8221; header_letter_spacing=&#8221;3px&#8221; middle_font=&#8221;Almarai|||on|||||&#8221; middle_text_color=&#8221;#47C2EC&#8221; custom_margin=&#8221;0px||4vh|0px|false|false&#8221; custom_margin_tablet=&#8221;0px||4vh|0px|false|false&#8221; custom_margin_phone=&#8221;0px||4vh|0px|false|false&#8221; custom_margin_last_edited=&#8221;on|desktop&#8221; custom_padding=&#8221;||0px|0px|false|false&#8221; text_orientation_tablet=&#8221;&#8221; text_orientation_phone=&#8221;center&#8221; text_orientation_last_edited=&#8221;on|phone&#8221; module_alignment_last_edited=&#8221;off|phone&#8221; global_colors_info=&#8221;{}&#8221;][\/dsm_dual_heading][et_pb_text _builder_version=&#8221;4.27.4&#8243; _module_preset=&#8221;default&#8221; text_font=&#8221;Almarai|300|||||||&#8221; header_font=&#8221;Almarai|300||on|||||&#8221; custom_margin=&#8221;0px||4vh||false|false&#8221; custom_margin_tablet=&#8221;||4vh||false|false&#8221; custom_margin_phone=&#8221;0px||4vh||false|false&#8221; custom_padding=&#8221;||||false|false&#8221; custom_padding_tablet=&#8221;0px||0px||true|false&#8221; custom_padding_phone=&#8221;||||true|false&#8221; custom_padding_last_edited=&#8221;on|tablet&#8221; text_orientation_tablet=&#8221;left&#8221; text_orientation_phone=&#8221;center&#8221; text_orientation_last_edited=&#8221;on|tablet&#8221; global_colors_info=&#8221;{}&#8221;]<\/p>\n<p class=\"p1\">F\u00e5 det fulde overblik over dit projekt med pr\u00e6cise og visuelle 3D-tegninger.<\/p>\n<p class=\"p1\">Hos Plast Solutions har vi ekspertisen til at levere og designe komplette l\u00f8sninger inden for plastproduktion og -konstruktion til b\u00e5de enkelte projekter og st\u00f8rre anl\u00e6gsbyggerier.<\/p>\n<p class=\"p1\">Vi anvender avanceret software og teknologi, herunder Autodesk Fusion 360, til at skabe detaljerede 3D-tegninger af store projekter inden for plast. Med vores teknologi kan vi visualisere alle aspekter af projektet og sikre, at vores kunder f\u00e5r en pr\u00e6cis forst\u00e5else af, hvordan slutproduktet vil se ud, inden vi g\u00e5r i gang med produktionen. Dette giver vores kunder mulighed for at give feedback og tage beslutninger tidligt i processen, s\u00e5 vi kan skr\u00e6ddersy l\u00f8sninger, der passer til deres specifikke behov. Vi er stolte af vores evne til at t\u00e6nke nyt og levere innovative l\u00f8sninger, der im\u00f8dekommer vores kunders forventninger og samtidig reducerer milj\u00f8p\u00e5virkningen.<\/p>\n<p>[\/et_pb_text][\/et_pb_column][\/et_pb_row][\/et_pb_section][et_pb_section fb_built=&#8221;1&#8243; _builder_version=&#8221;4.18.1&#8243; _module_preset=&#8221;default&#8221; min_height=&#8221;581.5px&#8221; min_height_tablet=&#8221;581.5px&#8221; min_height_phone=&#8221;581.5px&#8221; min_height_last_edited=&#8221;on|phone&#8221; height_tablet=&#8221;&#8221; height_phone=&#8221;&#8221; height_last_edited=&#8221;on|tablet&#8221; custom_margin=&#8221;1vh||1vh||true|false&#8221; custom_padding=&#8221;5vh||5vh||true|false&#8221; da_disable_devices=&#8221;off|off|off&#8221; locked=&#8221;off&#8221; global_colors_info=&#8221;{}&#8221; da_is_popup=&#8221;off&#8221; da_exit_intent=&#8221;off&#8221; da_has_close=&#8221;on&#8221; da_alt_close=&#8221;off&#8221; da_dark_close=&#8221;off&#8221; da_not_modal=&#8221;on&#8221; da_is_singular=&#8221;off&#8221; da_with_loader=&#8221;off&#8221; da_has_shadow=&#8221;on&#8221;][et_pb_row column_structure=&#8221;1_2,1_2&#8243; _builder_version=&#8221;4.18.1&#8243; _module_preset=&#8221;default&#8221; height_last_edited=&#8221;off|desktop&#8221; custom_padding=&#8221;0px||2px|||&#8221; locked=&#8221;off&#8221; global_colors_info=&#8221;{}&#8221;][et_pb_column type=&#8221;1_2&#8243; _builder_version=&#8221;4.18.1&#8243; _module_preset=&#8221;default&#8221; animation_style=&#8221;slide&#8221; animation_direction=&#8221;left&#8221; animation_speed_curve=&#8221;linear&#8221; global_colors_info=&#8221;{}&#8221;][dsm_dual_heading before_text=&#8221;design efter dine &#8221; middle_text=&#8221;\u00f8nsker &#8221; after_text=&#8221;og behov&#8221; _builder_version=&#8221;4.18.1&#8243; _module_preset=&#8221;default&#8221; header_font=&#8221;Almarai|||on|||||&#8221; header_font_size=&#8221;30px&#8221; header_letter_spacing=&#8221;3px&#8221; before_font=&#8221;Almarai||||||||&#8221; middle_font=&#8221;Almarai||||||||&#8221; middle_text_color=&#8221;#47C2EC&#8221; after_font=&#8221;Almarai||||||||&#8221; custom_margin=&#8221;0px||4vh||false|false&#8221; custom_margin_tablet=&#8221;0px||4vh||false|false&#8221; custom_margin_phone=&#8221;0px||4vh||false|false&#8221; custom_margin_last_edited=&#8221;on|desktop&#8221; text_orientation_tablet=&#8221;&#8221; text_orientation_phone=&#8221;center&#8221; text_orientation_last_edited=&#8221;on|phone&#8221; locked=&#8221;off&#8221; global_colors_info=&#8221;{}&#8221;][\/dsm_dual_heading][et_pb_text _builder_version=&#8221;4.18.1&#8243; _module_preset=&#8221;default&#8221; text_font=&#8221;Almarai|300|||||||&#8221; header_font=&#8221;Almarai|900||on|||||&#8221; custom_margin=&#8221;||4vh||false|false&#8221; custom_margin_tablet=&#8221;||4vh||false|false&#8221; custom_margin_phone=&#8221;||4vh||false|false&#8221; custom_padding=&#8221;||||false|false&#8221; text_orientation_tablet=&#8221;&#8221; text_orientation_phone=&#8221;center&#8221; text_orientation_last_edited=&#8221;on|phone&#8221; global_colors_info=&#8221;{}&#8221;]<\/p>\n<p><span>Denne pumpebr\u00f8nd er et eksempel p\u00e5 en specialdesignet konstruktion. Kundens \u00f8nske var en tank med 3 til 1 manifold med arbejdsplatform som g\u00f8r ventiler let tilg\u00e6ngelige i forbindelse med service af pumper imens systemet stadig er i gang. <\/span><\/p>\n<p><span>Vores produktionsafdeling har konstrueret tanken ved hj\u00e6lp af de tekniske beregner og 3D-tegninger, som vi har udarbejdet.<\/span><\/p>\n<p><span>Kontakt Plast Solutions og f\u00e5 mere information og sparring til dit projekt.<\/span><\/p>\n<p>[\/et_pb_text][\/et_pb_column][et_pb_column type=&#8221;1_2&#8243; _builder_version=&#8221;4.18.1&#8243; _module_preset=&#8221;default&#8221; animation_style=&#8221;slide&#8221; animation_direction=&#8221;right&#8221; animation_speed_curve=&#8221;linear&#8221; global_colors_info=&#8221;{}&#8221;][et_pb_image title_text=&#8221;Skabelon h\u00f8jformat forside&#8221; align=&#8221;right&#8221; src_tablet=&#8221;https:\/\/plastsolutions.dk\/wp-content\/uploads\/2023\/05\/4.png&#8221; src_phone=&#8221;https:\/\/plastsolutions.dk\/wp-content\/uploads\/2023\/05\/4.png&#8221; src_last_edited=&#8221;off|desktop&#8221; align_tablet=&#8221;center&#8221; align_phone=&#8221;center&#8221; align_last_edited=&#8221;on|tablet&#8221; disabled_on=&#8221;off|off|off&#8221; _builder_version=&#8221;4.18.1&#8243; _module_preset=&#8221;default&#8221; background_video_mp4=&#8221;https:\/\/plastsolutions.dk\/wp-content\/uploads\/2023\/04\/Skabelon-hoejformat-forside.mp4&#8243; width=&#8221;85%&#8221; width_tablet=&#8221;85%&#8221; width_phone=&#8221;85%&#8221; width_last_edited=&#8221;on|tablet&#8221; module_alignment=&#8221;right&#8221; height=&#8221;90vh&#8221; height_tablet=&#8221;40vh&#8221; height_phone=&#8221;35vh&#8221; height_last_edited=&#8221;on|tablet&#8221; max_height=&#8221;1000px&#8221; custom_margin=&#8221;0px||||false|false&#8221; custom_padding=&#8221;|0px|90vh|0px|false|false&#8221; custom_padding_tablet=&#8221;4vh|0px|50vh|0px|false|false&#8221; custom_padding_phone=&#8221;3%||||false|false&#8221; custom_padding_last_edited=&#8221;on|tablet&#8221; animation_direction=&#8221;right&#8221; module_alignment_tablet=&#8221;center&#8221; module_alignment_phone=&#8221;center&#8221; module_alignment_last_edited=&#8221;on|tablet&#8221; border_radii=&#8221;on|5px|5px|5px|5px&#8221; global_colors_info=&#8221;{}&#8221;][\/et_pb_image][\/et_pb_column][\/et_pb_row][\/et_pb_section]<\/p>\n","protected":false},"excerpt":{"rendered":"<p><div class=\"et_pb_module dsm_dual_heading dsm_dual_heading_0  et_pb_text_align_center-phone et_pb_bg_layout_light\">\n\t\t\t\t\n\t\t\t\t\n\t\t\t\t\n\t\t\t\t\n\t\t\t\t\n\t\t\t\t\n\t\t\t\t<div class=\"et_pb_module_inner\">\n\t\t\t\t\t<h2 class=\"dsm-dual-heading-main et_pb_module_header\"><span class=\"dsm-dual-heading-before\">3d-<\/span><span class=\"dsm-dual-heading-middle\">tegninger<\/span><\/h2>\n\t\t\t\t<\/div>\n\t\t\t<\/div>F\u00e5 det fulde overblik over dit projekt med pr\u00e6cise og visuelle 3D-tegninger. Hos Plast Solutions har vi ekspertisen til at levere og designe komplette l\u00f8sninger inden for plastproduktion og -konstruktion til b\u00e5de enkelte projekter og st\u00f8rre [&hellip;]<\/p>\n","protected":false},"author":4,"featured_media":240707,"parent":0,"menu_order":0,"comment_status":"closed","ping_status":"closed","template":"","meta":{"_et_pb_use_builder":"on","_et_pb_old_content":"","_et_gb_content_width":"","footnotes":""},"class_list":["post-240468","page","type-page","status-publish","has-post-thumbnail","hentry"],"_links":{"self":[{"href":"https:\/\/plastsolutions.dk\/de\/wp-json\/wp\/v2\/pages\/240468","targetHints":{"allow":["GET"]}}],"collection":[{"href":"https:\/\/plastsolutions.dk\/de\/wp-json\/wp\/v2\/pages"}],"about":[{"href":"https:\/\/plastsolutions.dk\/de\/wp-json\/wp\/v2\/types\/page"}],"author":[{"embeddable":true,"href":"https:\/\/plastsolutions.dk\/de\/wp-json\/wp\/v2\/users\/4"}],"replies":[{"embeddable":true,"href":"https:\/\/plastsolutions.dk\/de\/wp-json\/wp\/v2\/comments?post=240468"}],"version-history":[{"count":37,"href":"https:\/\/plastsolutions.dk\/de\/wp-json\/wp\/v2\/pages\/240468\/revisions"}],"predecessor-version":[{"id":242445,"href":"https:\/\/plastsolutions.dk\/de\/wp-json\/wp\/v2\/pages\/240468\/revisions\/242445"}],"wp:featuredmedia":[{"embeddable":true,"href":"https:\/\/plastsolutions.dk\/de\/wp-json\/wp\/v2\/media\/240707"}],"wp:attachment":[{"href":"https:\/\/plastsolutions.dk\/de\/wp-json\/wp\/v2\/media?parent=240468"}],"curies":[{"name":"wp","href":"https:\/\/api.w.org\/{rel}","templated":true}]}}