{"id":241062,"date":"2023-06-21T08:33:38","date_gmt":"2023-06-21T08:33:38","guid":{"rendered":"https:\/\/plastsolutions.dk\/?page_id=241062"},"modified":"2023-07-11T07:11:24","modified_gmt":"2023-07-11T07:11:24","slug":"installation-installation-teknisk-rorforing","status":"publish","type":"page","link":"https:\/\/plastsolutions.dk\/de\/installation-installation-teknisk-rorforing\/","title":{"rendered":"Installation"},"content":{"rendered":"<p>[et_pb_section fb_built=&#8221;1&#8243; fullwidth=&#8221;on&#8221; _builder_version=&#8221;4.18.1&#8243; _module_preset=&#8221;default&#8221; height=&#8221;95vh&#8221; da_disable_devices=&#8221;off|off|off&#8221; locked=&#8221;off&#8221; global_colors_info=&#8221;{}&#8221; da_is_popup=&#8221;off&#8221; da_exit_intent=&#8221;off&#8221; da_has_close=&#8221;on&#8221; da_alt_close=&#8221;off&#8221; da_dark_close=&#8221;off&#8221; da_not_modal=&#8221;on&#8221; da_is_singular=&#8221;off&#8221; da_with_loader=&#8221;off&#8221; da_has_shadow=&#8221;on&#8221;][et_pb_fullwidth_header title=&#8221;installation&#8221; header_fullscreen=&#8221;on&#8221; content_orientation=&#8221;bottom&#8221; _builder_version=&#8221;4.18.1&#8243; _module_preset=&#8221;default&#8221; title_font=&#8221;Almarai|||on|||||&#8221; title_text_align=&#8221;left&#8221; title_text_color=&#8221;#000000&#8243; title_font_size=&#8221;60px&#8221; title_letter_spacing=&#8221;6px&#8221; background_enable_color=&#8221;off&#8221; use_background_color_gradient=&#8221;on&#8221; background_color_gradient_stops=&#8221;rgba(25,63,119,0) 70%|rgba(140, 159, 187, 0.5) 75%|#ffffff 94%&#8221; background_color_gradient_overlays_image=&#8221;on&#8221; background_image=&#8221;https:\/\/plastsolutions.dk\/wp-content\/uploads\/2023\/06\/Skabelon-banner-hjemmeside-18.png&#8221; background_layout=&#8221;light&#8221; height=&#8221;90vh&#8221; custom_padding=&#8221;0px||0px||false|false&#8221; custom_padding_tablet=&#8221;0px||0px||false|false&#8221; custom_padding_phone=&#8221;35vh||0px||false|false&#8221; custom_padding_last_edited=&#8221;on|desktop&#8221; title_font_size_tablet=&#8221;60px&#8221; title_font_size_phone=&#8221;30px&#8221; title_font_size_last_edited=&#8221;on|phone&#8221; global_colors_info=&#8221;{}&#8221;][\/et_pb_fullwidth_header][\/et_pb_section][et_pb_section fb_built=&#8221;1&#8243; _builder_version=&#8221;4.18.1&#8243; _module_preset=&#8221;default&#8221; min_height_tablet=&#8221;783.3px&#8221; min_height_phone=&#8221;783.3px&#8221; min_height_last_edited=&#8221;off|desktop&#8221; height_tablet=&#8221;&#8221; height_phone=&#8221;&#8221; height_last_edited=&#8221;on|phone&#8221; custom_margin=&#8221;0px||||false|false&#8221; custom_padding=&#8221;5vh||5vh||true|false&#8221; hover_enabled=&#8221;0&#8243; module_alignment_tablet=&#8221;center&#8221; module_alignment_phone=&#8221;center&#8221; module_alignment_last_edited=&#8221;on|tablet&#8221; da_disable_devices=&#8221;off|off|off&#8221; locked=&#8221;off&#8221; global_colors_info=&#8221;{}&#8221; height__hover_enabled=&#8221;off|desktop&#8221; sticky_enabled=&#8221;0&#8243; da_is_popup=&#8221;off&#8221; da_exit_intent=&#8221;off&#8221; da_has_close=&#8221;on&#8221; da_alt_close=&#8221;off&#8221; da_dark_close=&#8221;off&#8221; da_not_modal=&#8221;on&#8221; da_is_singular=&#8221;off&#8221; da_with_loader=&#8221;off&#8221; da_has_shadow=&#8221;on&#8221;][et_pb_row column_structure=&#8221;1_2,1_2&#8243; _builder_version=&#8221;4.18.1&#8243; _module_preset=&#8221;default&#8221; height_tablet=&#8221;90vh&#8221; height_phone=&#8221;90vh&#8221; height_last_edited=&#8221;off|desktop&#8221; custom_margin=&#8221;0px|auto||auto|false|false&#8221; custom_padding=&#8221;0px||0px|||&#8221; custom_css_main_element=&#8221;display : flex;||flex-wrap : wrap;&#8221; global_colors_info=&#8221;{}&#8221;][et_pb_column type=&#8221;1_2&#8243; _builder_version=&#8221;4.18.1&#8243; _module_preset=&#8221;default&#8221; animation_direction=&#8221;left&#8221; global_colors_info=&#8221;{}&#8221; custom_css_main_element_last_edited=&#8221;on|tablet&#8221; custom_css_main_element_tablet=&#8221;order: 2;&#8221; custom_css_main_element_phone=&#8221;order: 2;&#8221;][et_pb_image src=&#8221;https:\/\/plastsolutions.dk\/wp-content\/uploads\/2023\/07\/44.jpg&#8221; alt=&#8221; Installation&#8221; title_text=&#8221;11&#8243; src_tablet=&#8221;https:\/\/plastsolutions.dk\/wp-content\/uploads\/2023\/07\/11-1.jpg&#8221; src_phone=&#8221;https:\/\/plastsolutions.dk\/wp-content\/uploads\/2023\/07\/11-1.jpg&#8221; src_last_edited=&#8221;on|phone&#8221; align_tablet=&#8221;center&#8221; align_phone=&#8221;center&#8221; align_last_edited=&#8221;on|tablet&#8221; disabled_on=&#8221;off|off|off&#8221; _builder_version=&#8221;4.18.1&#8243; _module_preset=&#8221;default&#8221; transform_scale_last_edited=&#8221;off|tablet&#8221; transform_translate_last_edited=&#8221;off|tablet&#8221; transform_rotate_last_edited=&#8221;off|tablet&#8221; transform_skew_last_edited=&#8221;off|tablet&#8221; transform_origin_last_edited=&#8221;off|tablet&#8221; transform_styles_last_edited=&#8221;off|tablet&#8221; width=&#8221;85%&#8221; width_tablet=&#8221;&#8221; width_phone=&#8221;&#8221; width_last_edited=&#8221;on|tablet&#8221; module_alignment=&#8221;left&#8221; height=&#8221;90vh&#8221; height_tablet=&#8221;35vh&#8221; height_phone=&#8221;35vh&#8221; height_last_edited=&#8221;on|tablet&#8221; custom_padding=&#8221;||0px||false|false&#8221; custom_padding_tablet=&#8221;2vh||2vh||true|false&#8221; custom_padding_phone=&#8221;2vh||2vh||true|false&#8221; custom_padding_last_edited=&#8221;on|tablet&#8221; animation_direction=&#8221;left&#8221; hover_enabled=&#8221;0&#8243; module_alignment_tablet=&#8221;center&#8221; module_alignment_phone=&#8221;center&#8221; module_alignment_last_edited=&#8221;on|tablet&#8221; border_radii=&#8221;on|5px|5px|5px|5px&#8221; global_colors_info=&#8221;{}&#8221; max_height=&#8221;1000px&#8221; sticky_enabled=&#8221;0&#8243;][\/et_pb_image][\/et_pb_column][et_pb_column type=&#8221;1_2&#8243; _builder_version=&#8221;4.18.1&#8243; _module_preset=&#8221;default&#8221; animation_direction=&#8221;right&#8221; global_colors_info=&#8221;{}&#8221; custom_css_main_element_last_edited=&#8221;on|tablet&#8221; custom_css_main_element_tablet=&#8221;order: 1;&#8221; custom_css_main_element_phone=&#8221;order: 1;&#8221;][dsm_dual_heading before_text=&#8221;Teknisk &#8221; middle_text=&#8221;r\u00f8rf\u00f8ring&#8221; _builder_version=&#8221;4.18.1&#8243; _module_preset=&#8221;default&#8221; header_font=&#8221;Almarai|||on|||||&#8221; header_font_size=&#8221;30px&#8221; header_letter_spacing=&#8221;3px&#8221; middle_font=&#8221;Almarai|||on|||||&#8221; middle_text_color=&#8221;#47C2EC&#8221; custom_margin=&#8221;0px||4vh|0px|false|false&#8221; custom_margin_tablet=&#8221;0px||4vh|0px|false|false&#8221; custom_margin_phone=&#8221;0px||4vh|0px|false|false&#8221; custom_margin_last_edited=&#8221;on|desktop&#8221; custom_padding=&#8221;||0px|0px|false|false&#8221; text_orientation_tablet=&#8221;&#8221; text_orientation_phone=&#8221;center&#8221; text_orientation_last_edited=&#8221;on|phone&#8221; module_alignment_last_edited=&#8221;off|phone&#8221; global_colors_info=&#8221;{}&#8221;][\/dsm_dual_heading][et_pb_text _builder_version=&#8221;4.18.1&#8243; _module_preset=&#8221;default&#8221; text_font=&#8221;Almarai|300|||||||&#8221; header_font=&#8221;Almarai|300||on|||||&#8221; custom_margin=&#8221;0px||4vh||false|false&#8221; custom_margin_tablet=&#8221;||4vh||false|false&#8221; custom_margin_phone=&#8221;0px||4vh||false|false&#8221; custom_padding=&#8221;||||false|false&#8221; custom_padding_tablet=&#8221;0px||0px||true|false&#8221; custom_padding_phone=&#8221;||||true|false&#8221; custom_padding_last_edited=&#8221;on|tablet&#8221; text_orientation_tablet=&#8221;left&#8221; text_orientation_phone=&#8221;center&#8221; text_orientation_last_edited=&#8221;on|tablet&#8221; global_colors_info=&#8221;{}&#8221;]<\/p>\n<p><span class=\"x_ContentPasted0\">Kommercielle projekter indenfor r\u00f8rf\u00f8ring kan v\u00e6re meget komplekse. Det kr\u00e6ver stort overblik og kendskab til produkter for at kunne udf\u00f8re hurtig installation af h\u00f8j kvalitet.<span>\u00a0<\/span>Som hovedentrepren\u00f8r eller underentrepren\u00f8r, tilbyder Plast Solutions alle typer af plastmontage- og installationsopgaver i forbindelse med industrielle anl\u00e6g og distributionssystemer. R\u00f8r og procesinstallationer er en af Plast Solutions spidskompetencer, herunder specifikation, design, montage, installationstest, isolering og idrifts\u00e6ttelse. Type-godkendte tank- og r\u00f8rprojekter, er typiske arbejdsopgaver vi udf\u00f8rer for vores kunder.<span>\u00a0<\/span><\/span><\/p>\n<p><span class=\"x_ContentPasted0\">P\u00e5 vores installationer, s\u00f8rger vi for der efter kundens anmodning udf\u00f8res professionelt kvalitetskontrol som:<\/span><\/p>\n<p>[\/et_pb_text][dsm_icon_list text_indent=&#8221;10px&#8221; image_max_width=&#8221;36px&#8221; list_alignment_tablet=&#8221;&#8221; list_alignment_phone=&#8221;center&#8221; list_alignment_last_edited=&#8221;on|phone&#8221; image_max_width_tablet=&#8221;36px&#8221; image_max_width_phone=&#8221;10px&#8221; image_max_width_last_edited=&#8221;on|phone&#8221; _builder_version=&#8221;4.18.1&#8243; _module_preset=&#8221;default&#8221; text_font=&#8221;Almarai||||||||&#8221; text_text_color=&#8221;#000000&#8243; text_font_size=&#8221;17px&#8221; text_letter_spacing=&#8221;1px&#8221; custom_margin=&#8221;||-2px|||&#8221; custom_padding_tablet=&#8221;||20px||false|false&#8221; custom_padding_phone=&#8221;||20px||false|false&#8221; custom_padding_last_edited=&#8221;on|tablet&#8221; text_font_size_tablet=&#8221;17px&#8221; text_font_size_phone=&#8221;14px&#8221; text_font_size_last_edited=&#8221;on|phone&#8221; module_alignment_tablet=&#8221;&#8221; module_alignment_phone=&#8221;center&#8221; module_alignment_last_edited=&#8221;on|phone&#8221; global_colors_info=&#8221;{}&#8221;][dsm_icon_list_child text=&#8221;Dokumentation p\u00e5 vulstfjerning &#8221; use_icon=&#8221;off&#8221; image=&#8221;https:\/\/plastsolutions.dk\/wp-content\/uploads\/2022\/10\/Boelge-Plast-Solutions-logo-fritlagt-1.png&#8221; alt=&#8221;B\u00f8lge&#8221; image_max_width=&#8221;30px&#8221; image_tablet=&#8221;https:\/\/plastsolutions.dk\/wp-content\/uploads\/2022\/10\/Boelge-Plast-Solutions-logo-fritlagt-1.png&#8221; image_phone=&#8221;&#8221; image_last_edited=&#8221;on|phone&#8221; _builder_version=&#8221;4.18.1&#8243; _module_preset=&#8221;default&#8221; text_font=&#8221;Almarai|300|||||||&#8221; global_colors_info=&#8221;{}&#8221; text_orientation_phone=&#8221;center&#8221; text_orientation_last_edited=&#8221;on|phone&#8221;][\/dsm_icon_list_child][dsm_icon_list_child text=&#8221;Tag-nummerering (ofte inkl. QR kode)&#8221; use_icon=&#8221;off&#8221; image=&#8221;https:\/\/plastsolutions.dk\/wp-content\/uploads\/2022\/10\/Boelge-Plast-Solutions-logo-fritlagt-1.png&#8221; alt=&#8221;B\u00f8lge&#8221; image_max_width=&#8221;30px&#8221; image_tablet=&#8221;https:\/\/plastsolutions.dk\/wp-content\/uploads\/2022\/10\/Boelge-Plast-Solutions-logo-fritlagt-1.png&#8221; image_phone=&#8221;&#8221; image_last_edited=&#8221;on|phone&#8221; _builder_version=&#8221;4.18.1&#8243; _module_preset=&#8221;default&#8221; text_font=&#8221;Almarai|300|||||||&#8221; global_colors_info=&#8221;{}&#8221; text_orientation_phone=&#8221;center&#8221; text_orientation_last_edited=&#8221;on|phone&#8221;][\/dsm_icon_list_child][dsm_icon_list_child text=&#8221;L\u00e6kager og tryktestning &#8221; use_icon=&#8221;off&#8221; image=&#8221;https:\/\/plastsolutions.dk\/wp-content\/uploads\/2022\/10\/Boelge-Plast-Solutions-logo-fritlagt-1.png&#8221; alt=&#8221;B\u00f8lge&#8221; image_max_width=&#8221;30px&#8221; image_tablet=&#8221;https:\/\/plastsolutions.dk\/wp-content\/uploads\/2022\/10\/Boelge-Plast-Solutions-logo-fritlagt-1.png&#8221; image_phone=&#8221;&#8221; image_last_edited=&#8221;on|phone&#8221; _builder_version=&#8221;4.18.1&#8243; _module_preset=&#8221;default&#8221; text_font=&#8221;Almarai|300|||||||&#8221; global_colors_info=&#8221;{}&#8221; text_orientation_phone=&#8221;center&#8221; text_orientation_last_edited=&#8221;on|phone&#8221;][\/dsm_icon_list_child][dsm_icon_list_child text=&#8221;Datalog rapporter&#8221; use_icon=&#8221;off&#8221; image=&#8221;https:\/\/plastsolutions.dk\/wp-content\/uploads\/2022\/10\/Boelge-Plast-Solutions-logo-fritlagt-1.png&#8221; alt=&#8221;B\u00f8lge&#8221; image_max_width=&#8221;30px&#8221; image_tablet=&#8221;https:\/\/plastsolutions.dk\/wp-content\/uploads\/2022\/10\/Boelge-Plast-Solutions-logo-fritlagt-1.png&#8221; image_phone=&#8221;&#8221; image_last_edited=&#8221;on|phone&#8221; _builder_version=&#8221;4.18.1&#8243; _module_preset=&#8221;default&#8221; text_font=&#8221;Almarai|300|||||||&#8221; global_colors_info=&#8221;{}&#8221; text_orientation_phone=&#8221;center&#8221; text_orientation_last_edited=&#8221;on|phone&#8221;][\/dsm_icon_list_child][\/dsm_icon_list][\/et_pb_column][\/et_pb_row][\/et_pb_section][et_pb_section fb_built=&#8221;1&#8243; _builder_version=&#8221;4.18.1&#8243; _module_preset=&#8221;default&#8221; min_height_tablet=&#8221;581.5px&#8221; min_height_phone=&#8221;581.5px&#8221; min_height_last_edited=&#8221;on|phone&#8221; height_tablet=&#8221;&#8221; height_phone=&#8221;&#8221; height_last_edited=&#8221;on|tablet&#8221; custom_margin=&#8221;1vh||1vh||true|false&#8221; custom_padding=&#8221;5vh||5vh||true|false&#8221; hover_enabled=&#8221;0&#8243; da_disable_devices=&#8221;off|off|off&#8221; locked=&#8221;off&#8221; global_colors_info=&#8221;{}&#8221; sticky_enabled=&#8221;0&#8243; da_is_popup=&#8221;off&#8221; da_exit_intent=&#8221;off&#8221; da_has_close=&#8221;on&#8221; da_alt_close=&#8221;off&#8221; da_dark_close=&#8221;off&#8221; da_not_modal=&#8221;on&#8221; da_is_singular=&#8221;off&#8221; da_with_loader=&#8221;off&#8221; da_has_shadow=&#8221;on&#8221;][et_pb_row column_structure=&#8221;1_2,1_2&#8243; _builder_version=&#8221;4.18.1&#8243; _module_preset=&#8221;default&#8221; height_last_edited=&#8221;off|desktop&#8221; custom_padding=&#8221;0px||2px|||&#8221; locked=&#8221;off&#8221; global_colors_info=&#8221;{}&#8221;][et_pb_column type=&#8221;1_2&#8243; _builder_version=&#8221;4.18.1&#8243; _module_preset=&#8221;default&#8221; animation_style=&#8221;slide&#8221; animation_direction=&#8221;left&#8221; animation_speed_curve=&#8221;linear&#8221; global_colors_info=&#8221;{}&#8221;][dsm_dual_heading before_text=&#8221;Plast Solutions &#8221; middle_text=&#8221;tilbyder&#8221; _builder_version=&#8221;4.18.1&#8243; _module_preset=&#8221;default&#8221; header_font=&#8221;Almarai|||on|||||&#8221; header_font_size=&#8221;30px&#8221; header_letter_spacing=&#8221;3px&#8221; before_font=&#8221;Almarai||||||||&#8221; middle_font=&#8221;Almarai||||||||&#8221; middle_text_color=&#8221;#47C2EC&#8221; after_font=&#8221;Almarai||||||||&#8221; custom_margin=&#8221;0px||4vh||false|false&#8221; custom_margin_tablet=&#8221;0px||4vh||false|false&#8221; custom_margin_phone=&#8221;0px||4vh||false|false&#8221; custom_margin_last_edited=&#8221;on|desktop&#8221; text_orientation_tablet=&#8221;&#8221; text_orientation_phone=&#8221;center&#8221; text_orientation_last_edited=&#8221;on|phone&#8221; locked=&#8221;off&#8221; global_colors_info=&#8221;{}&#8221;][\/dsm_dual_heading][et_pb_text _builder_version=&#8221;4.18.1&#8243; _module_preset=&#8221;default&#8221; text_font=&#8221;Almarai|300|||||||&#8221; header_font=&#8221;Almarai|900||on|||||&#8221; custom_margin=&#8221;||4vh||false|false&#8221; custom_margin_tablet=&#8221;||4vh||false|false&#8221; custom_margin_phone=&#8221;||4vh||false|false&#8221; custom_padding=&#8221;||||false|false&#8221; text_orientation_tablet=&#8221;&#8221; text_orientation_phone=&#8221;center&#8221; text_orientation_last_edited=&#8221;on|phone&#8221; global_colors_info=&#8221;{}&#8221;]<\/p>\n<p class=\"x_04xlpa x_ContentPasted0\">Komplet projektledelse<span class=\"x_wdyuqq x_ContentPasted0\"><span>\u00a0<\/span>og har stor kapacitet af kompetente certificerede mont\u00f8rer, med mange \u00e5rs erfaringer indenfor plastsvejsning og teknisk r\u00f8rf\u00f8ring.<\/span>\u00a0<span class=\"x_wdyuqq x_ContentPasted0\">Vi tilbyder montage af b\u00e5de store og sm\u00e5 opgaver og med vores 360 site management pakke leverer vi:\u00a0<\/span><\/p>\n<p class=\"x_04xlpa\">\n<p>[\/et_pb_text][dsm_icon_list text_indent=&#8221;10px&#8221; image_max_width=&#8221;36px&#8221; list_alignment_tablet=&#8221;&#8221; list_alignment_phone=&#8221;center&#8221; list_alignment_last_edited=&#8221;on|phone&#8221; image_max_width_tablet=&#8221;36px&#8221; image_max_width_phone=&#8221;9px&#8221; image_max_width_last_edited=&#8221;on|phone&#8221; _builder_version=&#8221;4.18.1&#8243; _module_preset=&#8221;default&#8221; text_font=&#8221;Almarai||||||||&#8221; text_text_color=&#8221;#000000&#8243; text_font_size=&#8221;17px&#8221; text_letter_spacing=&#8221;1px&#8221; custom_margin=&#8221;||19px||false|false&#8221; custom_padding_tablet=&#8221;||20px||false|false&#8221; custom_padding_phone=&#8221;||20px||false|false&#8221; custom_padding_last_edited=&#8221;on|tablet&#8221; text_font_size_tablet=&#8221;17px&#8221; text_font_size_phone=&#8221;14px&#8221; text_font_size_last_edited=&#8221;on|phone&#8221; global_colors_info=&#8221;{}&#8221;][dsm_icon_list_child text=&#8221;Projektledere&#8221; use_icon=&#8221;off&#8221; image=&#8221;https:\/\/plastsolutions.dk\/wp-content\/uploads\/2022\/10\/Boelge-Plast-Solutions-logo-fritlagt-1.png&#8221; alt=&#8221;B\u00f8lge&#8221; image_max_width=&#8221;30px&#8221; image_tablet=&#8221;https:\/\/plastsolutions.dk\/wp-content\/uploads\/2022\/10\/Boelge-Plast-Solutions-logo-fritlagt-1.png&#8221; image_phone=&#8221;&#8221; image_last_edited=&#8221;on|phone&#8221; _builder_version=&#8221;4.18.1&#8243; _module_preset=&#8221;default&#8221; text_font=&#8221;Almarai|300|||||||&#8221; global_colors_info=&#8221;{}&#8221; text_orientation_phone=&#8221;center&#8221; text_orientation_last_edited=&#8221;on|phone&#8221;][\/dsm_icon_list_child][dsm_icon_list_child text=&#8221;GAS, UVE, USME certificerede mont\u00f8rer&#8221; use_icon=&#8221;off&#8221; image=&#8221;https:\/\/plastsolutions.dk\/wp-content\/uploads\/2022\/10\/Boelge-Plast-Solutions-logo-fritlagt-1.png&#8221; alt=&#8221;B\u00f8lge&#8221; image_max_width=&#8221;30px&#8221; image_tablet=&#8221;https:\/\/plastsolutions.dk\/wp-content\/uploads\/2022\/10\/Boelge-Plast-Solutions-logo-fritlagt-1.png&#8221; image_phone=&#8221;&#8221; image_last_edited=&#8221;on|phone&#8221; _builder_version=&#8221;4.18.1&#8243; _module_preset=&#8221;default&#8221; text_font=&#8221;Almarai|300|||||||&#8221; global_colors_info=&#8221;{}&#8221; text_orientation_phone=&#8221;center&#8221; text_orientation_last_edited=&#8221;on|phone&#8221;][\/dsm_icon_list_child][dsm_icon_list_child text=&#8221;Mobilkontor + udstyr til montage&#8221; use_icon=&#8221;off&#8221; image=&#8221;https:\/\/plastsolutions.dk\/wp-content\/uploads\/2022\/10\/Boelge-Plast-Solutions-logo-fritlagt-1.png&#8221; alt=&#8221;B\u00f8lge&#8221; image_max_width=&#8221;30px&#8221; image_tablet=&#8221;https:\/\/plastsolutions.dk\/wp-content\/uploads\/2022\/10\/Boelge-Plast-Solutions-logo-fritlagt-1.png&#8221; image_phone=&#8221;&#8221; image_last_edited=&#8221;on|phone&#8221; _builder_version=&#8221;4.18.1&#8243; _module_preset=&#8221;default&#8221; text_font=&#8221;Almarai|300|||||||&#8221; global_colors_info=&#8221;{}&#8221; text_orientation_phone=&#8221;center&#8221; text_orientation_last_edited=&#8221;on|phone&#8221;][\/dsm_icon_list_child][dsm_icon_list_child text=&#8221;Daglig rapport fra site&#8221; use_icon=&#8221;off&#8221; image=&#8221;https:\/\/plastsolutions.dk\/wp-content\/uploads\/2022\/10\/Boelge-Plast-Solutions-logo-fritlagt-1.png&#8221; alt=&#8221;B\u00f8lge&#8221; image_max_width=&#8221;30px&#8221; image_tablet=&#8221;https:\/\/plastsolutions.dk\/wp-content\/uploads\/2022\/10\/Boelge-Plast-Solutions-logo-fritlagt-1.png&#8221; image_phone=&#8221;&#8221; image_last_edited=&#8221;on|phone&#8221; _builder_version=&#8221;4.18.1&#8243; _module_preset=&#8221;default&#8221; text_font=&#8221;Almarai|300|||||||&#8221; global_colors_info=&#8221;{}&#8221; text_orientation_phone=&#8221;center&#8221; text_orientation_last_edited=&#8221;on|phone&#8221;][\/dsm_icon_list_child][dsm_icon_list_child text=&#8221;Dokumentation p\u00e5 svejsninger&#8221; use_icon=&#8221;off&#8221; image=&#8221;https:\/\/plastsolutions.dk\/wp-content\/uploads\/2022\/10\/Boelge-Plast-Solutions-logo-fritlagt-1.png&#8221; alt=&#8221;B\u00f8lge&#8221; image_max_width=&#8221;30px&#8221; image_tablet=&#8221;https:\/\/plastsolutions.dk\/wp-content\/uploads\/2022\/10\/Boelge-Plast-Solutions-logo-fritlagt-1.png&#8221; image_phone=&#8221;&#8221; image_last_edited=&#8221;on|phone&#8221; _builder_version=&#8221;4.18.1&#8243; _module_preset=&#8221;default&#8221; text_font=&#8221;Almarai|300|||||||&#8221; global_colors_info=&#8221;{}&#8221; text_orientation_phone=&#8221;center&#8221; text_orientation_last_edited=&#8221;on|phone&#8221;][\/dsm_icon_list_child][dsm_icon_list_child text=&#8221;Trykpr\u00f8vetest&#8221; use_icon=&#8221;off&#8221; image=&#8221;https:\/\/plastsolutions.dk\/wp-content\/uploads\/2022\/10\/Boelge-Plast-Solutions-logo-fritlagt-1.png&#8221; alt=&#8221;B\u00f8lge&#8221; image_max_width=&#8221;30px&#8221; image_tablet=&#8221;https:\/\/plastsolutions.dk\/wp-content\/uploads\/2022\/10\/Boelge-Plast-Solutions-logo-fritlagt-1.png&#8221; image_phone=&#8221;&#8221; image_last_edited=&#8221;on|phone&#8221; _builder_version=&#8221;4.18.1&#8243; _module_preset=&#8221;default&#8221; text_font=&#8221;Almarai|300|||||||&#8221; global_colors_info=&#8221;{}&#8221; text_orientation_phone=&#8221;center&#8221; text_orientation_last_edited=&#8221;on|phone&#8221;][\/dsm_icon_list_child][dsm_icon_list_child text=&#8221;GPS koordinator for elektrode&#8221; use_icon=&#8221;off&#8221; image=&#8221;https:\/\/plastsolutions.dk\/wp-content\/uploads\/2022\/10\/Boelge-Plast-Solutions-logo-fritlagt-1.png&#8221; alt=&#8221;B\u00f8lge&#8221; image_max_width=&#8221;30px&#8221; image_tablet=&#8221;https:\/\/plastsolutions.dk\/wp-content\/uploads\/2022\/10\/Boelge-Plast-Solutions-logo-fritlagt-1.png&#8221; image_phone=&#8221;&#8221; image_last_edited=&#8221;on|phone&#8221; _builder_version=&#8221;4.18.1&#8243; _module_preset=&#8221;default&#8221; text_font=&#8221;Almarai|300|||||||&#8221; global_colors_info=&#8221;{}&#8221; text_orientation_phone=&#8221;center&#8221; text_orientation_last_edited=&#8221;on|phone&#8221;][\/dsm_icon_list_child][dsm_icon_list_child text=&#8221;Stuk-, extruder-, varmluft- og segmentsvejsninger&#8221; use_icon=&#8221;off&#8221; image=&#8221;https:\/\/plastsolutions.dk\/wp-content\/uploads\/2022\/10\/Boelge-Plast-Solutions-logo-fritlagt-1.png&#8221; alt=&#8221;B\u00f8lge&#8221; image_max_width=&#8221;30px&#8221; image_tablet=&#8221;https:\/\/plastsolutions.dk\/wp-content\/uploads\/2022\/10\/Boelge-Plast-Solutions-logo-fritlagt-1.png&#8221; image_phone=&#8221;&#8221; image_last_edited=&#8221;on|phone&#8221; _builder_version=&#8221;4.18.1&#8243; _module_preset=&#8221;default&#8221; text_font=&#8221;Almarai|300|||||||&#8221; global_colors_info=&#8221;{}&#8221; text_orientation_phone=&#8221;center&#8221; text_orientation_last_edited=&#8221;on|phone&#8221;][\/dsm_icon_list_child][\/dsm_icon_list][\/et_pb_column][et_pb_column type=&#8221;1_2&#8243; _builder_version=&#8221;4.18.1&#8243; _module_preset=&#8221;default&#8221; animation_style=&#8221;slide&#8221; animation_direction=&#8221;right&#8221; animation_speed_curve=&#8221;linear&#8221; global_colors_info=&#8221;{}&#8221;][et_pb_image title_text=&#8221;Skapilon til mobil versjon-2&#8243; align=&#8221;right&#8221; src_tablet=&#8221;https:\/\/plastsolutions.dk\/wp-content\/uploads\/2023\/05\/4.png&#8221; src_phone=&#8221;https:\/\/plastsolutions.dk\/wp-content\/uploads\/2023\/05\/4.png&#8221; src_last_edited=&#8221;off|desktop&#8221; align_tablet=&#8221;center&#8221; align_phone=&#8221;center&#8221; align_last_edited=&#8221;on|tablet&#8221; disabled_on=&#8221;off|off|off&#8221; _builder_version=&#8221;4.18.1&#8243; _module_preset=&#8221;default&#8221; background_video_mp4=&#8221;https:\/\/plastsolutions.dk\/wp-content\/uploads\/2023\/06\/Skabelon-hoejformat-forside-6.mp4&#8243; width=&#8221;85%&#8221; width_tablet=&#8221;85%&#8221; width_phone=&#8221;85%&#8221; width_last_edited=&#8221;on|tablet&#8221; module_alignment=&#8221;right&#8221; height=&#8221;90vh&#8221; height_tablet=&#8221;35vh&#8221; height_phone=&#8221;35vh&#8221; height_last_edited=&#8221;on|tablet&#8221; custom_margin=&#8221;0px||||false|false&#8221; custom_padding=&#8221;|0px|90vh|0px|false|false&#8221; custom_padding_tablet=&#8221;|0px|35vh|0px|false|false&#8221; custom_padding_phone=&#8221;3%||||false|false&#8221; custom_padding_last_edited=&#8221;on|tablet&#8221; animation_direction=&#8221;right&#8221; hover_enabled=&#8221;0&#8243; background_last_edited=&#8221;on|phone&#8221; background_video_mp4_tablet=&#8221;https:\/\/plastsolutions.dk\/wp-content\/uploads\/2023\/06\/Skapilon-til-mobil-versjon-2.mp4&#8243; background_enable_video_mp4_tablet=&#8221;on&#8221; module_alignment_tablet=&#8221;center&#8221; module_alignment_phone=&#8221;center&#8221; module_alignment_last_edited=&#8221;on|tablet&#8221; border_radii=&#8221;on|5px|5px|5px|5px&#8221; global_colors_info=&#8221;{}&#8221; max_height=&#8221;1000px&#8221; sticky_enabled=&#8221;0&#8243;][\/et_pb_image][\/et_pb_column][\/et_pb_row][\/et_pb_section]<\/p>\n","protected":false},"excerpt":{"rendered":"<p><div class=\"et_pb_module dsm_dual_heading dsm_dual_heading_0  et_pb_text_align_center-phone et_pb_bg_layout_light\">\n\t\t\t\t\n\t\t\t\t\n\t\t\t\t\n\t\t\t\t\n\t\t\t\t\n\t\t\t\t\n\t\t\t\t<div class=\"et_pb_module_inner\">\n\t\t\t\t\t<h2 class=\"dsm-dual-heading-main et_pb_module_header\"><span class=\"dsm-dual-heading-before\">Teknisk <\/span><span class=\"dsm-dual-heading-middle\">r\u00f8rf\u00f8ring<\/span><\/h2>\n\t\t\t\t<\/div>\n\t\t\t<\/div>Kommercielle projekter indenfor r\u00f8rf\u00f8ring kan v\u00e6re meget komplekse. Det kr\u00e6ver stort overblik og kendskab til produkter for at kunne udf\u00f8re hurtig installation af h\u00f8j kvalitet.\u00a0Som hovedentrepren\u00f8r eller underentrepren\u00f8r, tilbyder Plast Solutions alle typer af plastmontage- [&hellip;]<\/p>\n","protected":false},"author":4,"featured_media":240403,"parent":0,"menu_order":0,"comment_status":"closed","ping_status":"closed","template":"","meta":{"_et_pb_use_builder":"on","_et_pb_old_content":"","_et_gb_content_width":"","footnotes":""},"class_list":["post-241062","page","type-page","status-publish","has-post-thumbnail","hentry"],"_links":{"self":[{"href":"https:\/\/plastsolutions.dk\/de\/wp-json\/wp\/v2\/pages\/241062","targetHints":{"allow":["GET"]}}],"collection":[{"href":"https:\/\/plastsolutions.dk\/de\/wp-json\/wp\/v2\/pages"}],"about":[{"href":"https:\/\/plastsolutions.dk\/de\/wp-json\/wp\/v2\/types\/page"}],"author":[{"embeddable":true,"href":"https:\/\/plastsolutions.dk\/de\/wp-json\/wp\/v2\/users\/4"}],"replies":[{"embeddable":true,"href":"https:\/\/plastsolutions.dk\/de\/wp-json\/wp\/v2\/comments?post=241062"}],"version-history":[{"count":20,"href":"https:\/\/plastsolutions.dk\/de\/wp-json\/wp\/v2\/pages\/241062\/revisions"}],"predecessor-version":[{"id":242430,"href":"https:\/\/plastsolutions.dk\/de\/wp-json\/wp\/v2\/pages\/241062\/revisions\/242430"}],"wp:featuredmedia":[{"embeddable":true,"href":"https:\/\/plastsolutions.dk\/de\/wp-json\/wp\/v2\/media\/240403"}],"wp:attachment":[{"href":"https:\/\/plastsolutions.dk\/de\/wp-json\/wp\/v2\/media?parent=241062"}],"curies":[{"name":"wp","href":"https:\/\/api.w.org\/{rel}","templated":true}]}}