{"id":240440,"date":"2023-04-20T11:35:15","date_gmt":"2023-04-20T11:35:15","guid":{"rendered":"https:\/\/plastsolutions.dk\/?page_id=240440"},"modified":"2025-09-10T09:32:25","modified_gmt":"2025-09-10T09:32:25","slug":"om-plast-solutions-aps","status":"publish","type":"page","link":"https:\/\/plastsolutions.dk\/eng\/om-plast-solutions-aps\/","title":{"rendered":"About Plast Solutions"},"content":{"rendered":"<p>[et_pb_section fb_built=&#8221;1&#8243; fullwidth=&#8221;on&#8221; _builder_version=&#8221;4.18.1&#8243; _module_preset=&#8221;default&#8221; height=&#8221;95vh&#8221; da_disable_devices=&#8221;off|off|off&#8221; locked=&#8221;off&#8221; global_colors_info=&#8221;{}&#8221; da_is_popup=&#8221;off&#8221; da_exit_intent=&#8221;off&#8221; da_has_close=&#8221;on&#8221; da_alt_close=&#8221;off&#8221; da_dark_close=&#8221;off&#8221; da_not_modal=&#8221;on&#8221; da_is_singular=&#8221;off&#8221; da_with_loader=&#8221;off&#8221; da_has_shadow=&#8221;on&#8221;][et_pb_fullwidth_header title=&#8221;Om Plast Solutions&#8221; header_fullscreen=&#8221;on&#8221; content_orientation=&#8221;bottom&#8221; _builder_version=&#8221;4.18.1&#8243; _module_preset=&#8221;default&#8221; title_font=&#8221;Almarai|||on|||||&#8221; title_text_align=&#8221;left&#8221; title_text_color=&#8221;#000000&#8243; title_font_size=&#8221;60px&#8221; title_letter_spacing=&#8221;6px&#8221; background_enable_color=&#8221;off&#8221; use_background_color_gradient=&#8221;on&#8221; background_color_gradient_stops=&#8221;rgba(25,63,119,0) 70%|rgba(140, 159, 187, 0.5) 75%|#ffffff 94%&#8221; background_color_gradient_overlays_image=&#8221;on&#8221; background_image=&#8221;https:\/\/plastsolutions.dk\/wp-content\/uploads\/2023\/07\/25-1.jpg&#8221; background_layout=&#8221;light&#8221; height=&#8221;90vh&#8221; custom_padding=&#8221;0px||0px||false|false&#8221; custom_padding_tablet=&#8221;0px||0px||false|false&#8221; custom_padding_phone=&#8221;35vh||0px||false|false&#8221; custom_padding_last_edited=&#8221;on|desktop&#8221; title_font_size_tablet=&#8221;60px&#8221; title_font_size_phone=&#8221;30px&#8221; title_font_size_last_edited=&#8221;on|phone&#8221; global_colors_info=&#8221;{}&#8221;][\/et_pb_fullwidth_header][\/et_pb_section][et_pb_section fb_built=&#8221;1&#8243; _builder_version=&#8221;4.18.1&#8243; _module_preset=&#8221;default&#8221; min_height_tablet=&#8221;783.3px&#8221; min_height_phone=&#8221;783.3px&#8221; min_height_last_edited=&#8221;off|desktop&#8221; height_tablet=&#8221;&#8221; height_phone=&#8221;&#8221; height_last_edited=&#8221;on|phone&#8221; custom_margin=&#8221;0px||||false|false&#8221; custom_padding=&#8221;5vh||5vh||true|false&#8221; module_alignment_tablet=&#8221;center&#8221; module_alignment_phone=&#8221;center&#8221; module_alignment_last_edited=&#8221;on|tablet&#8221; da_disable_devices=&#8221;off|off|off&#8221; locked=&#8221;off&#8221; global_colors_info=&#8221;{}&#8221; height__hover_enabled=&#8221;off|desktop&#8221; da_is_popup=&#8221;off&#8221; da_exit_intent=&#8221;off&#8221; da_has_close=&#8221;on&#8221; da_alt_close=&#8221;off&#8221; da_dark_close=&#8221;off&#8221; da_not_modal=&#8221;on&#8221; da_is_singular=&#8221;off&#8221; da_with_loader=&#8221;off&#8221; da_has_shadow=&#8221;on&#8221;][et_pb_row column_structure=&#8221;1_2,1_2&#8243; _builder_version=&#8221;4.18.1&#8243; _module_preset=&#8221;default&#8221; height_tablet=&#8221;90vh&#8221; height_phone=&#8221;90vh&#8221; height_last_edited=&#8221;off|desktop&#8221; custom_margin=&#8221;0px|auto||auto|false|false&#8221; custom_padding=&#8221;0px||0px|||&#8221; custom_css_main_element=&#8221;display : flex;||flex-wrap : wrap;&#8221; global_colors_info=&#8221;{}&#8221;][et_pb_column type=&#8221;1_2&#8243; _builder_version=&#8221;4.18.1&#8243; _module_preset=&#8221;default&#8221; animation_direction=&#8221;left&#8221; global_colors_info=&#8221;{}&#8221; custom_css_main_element_last_edited=&#8221;on|tablet&#8221; custom_css_main_element_tablet=&#8221;order: 2;&#8221; custom_css_main_element_phone=&#8221;order: 2;&#8221;][et_pb_image src=&#8221;https:\/\/plastsolutions.dk\/wp-content\/uploads\/2023\/07\/8.jpg&#8221; title_text=&#8221;8&#8243; src_tablet=&#8221;https:\/\/plastsolutions.dk\/wp-content\/uploads\/2023\/06\/Skapilon-til-mobil-versjon-2.png&#8221; src_phone=&#8221;https:\/\/plastsolutions.dk\/wp-content\/uploads\/2023\/06\/Skapilon-til-mobil-versjon-2.png&#8221; src_last_edited=&#8221;on|phone&#8221; align_tablet=&#8221;center&#8221; align_phone=&#8221;center&#8221; align_last_edited=&#8221;on|tablet&#8221; disabled_on=&#8221;off|off|off&#8221; _builder_version=&#8221;4.18.1&#8243; _module_preset=&#8221;default&#8221; transform_scale_last_edited=&#8221;off|tablet&#8221; transform_translate_last_edited=&#8221;off|tablet&#8221; transform_rotate_last_edited=&#8221;off|tablet&#8221; transform_skew_last_edited=&#8221;off|tablet&#8221; transform_origin_last_edited=&#8221;off|tablet&#8221; width=&#8221;84%&#8221; width_tablet=&#8221;&#8221; width_phone=&#8221;&#8221; width_last_edited=&#8221;on|tablet&#8221; module_alignment=&#8221;left&#8221; height=&#8221;90vh&#8221; height_tablet=&#8221;35vh&#8221; height_phone=&#8221;35vh&#8221; height_last_edited=&#8221;on|tablet&#8221; max_height=&#8221;1000px&#8221; custom_padding=&#8221;||0px||false|false&#8221; custom_padding_tablet=&#8221;2vh||2vh||true|false&#8221; custom_padding_phone=&#8221;2vh||2vh||true|false&#8221; custom_padding_last_edited=&#8221;on|tablet&#8221; animation_direction=&#8221;left&#8221; module_alignment_tablet=&#8221;center&#8221; module_alignment_phone=&#8221;center&#8221; module_alignment_last_edited=&#8221;on|tablet&#8221; border_radii=&#8221;on|5px|5px|5px|5px&#8221; global_colors_info=&#8221;{}&#8221;][\/et_pb_image][\/et_pb_column][et_pb_column type=&#8221;1_2&#8243; _builder_version=&#8221;4.18.1&#8243; _module_preset=&#8221;default&#8221; animation_direction=&#8221;right&#8221; global_colors_info=&#8221;{}&#8221; custom_css_main_element_last_edited=&#8221;on|tablet&#8221; custom_css_main_element_tablet=&#8221;order: 1;&#8221; custom_css_main_element_phone=&#8221;order: 1;&#8221;][dsm_dual_heading before_text=&#8221;Plast &#8221; middle_text=&#8221;Solutions&#8221; _builder_version=&#8221;4.18.1&#8243; _module_preset=&#8221;default&#8221; header_font=&#8221;Almarai|||on|||||&#8221; header_font_size=&#8221;30px&#8221; header_letter_spacing=&#8221;3px&#8221; middle_font=&#8221;Almarai|||on|||||&#8221; middle_text_color=&#8221;#47C2EC&#8221; custom_margin=&#8221;0px||4vh|0px|false|false&#8221; custom_margin_tablet=&#8221;0px||4vh|0px|false|false&#8221; custom_margin_phone=&#8221;0px||4vh|0px|false|false&#8221; custom_margin_last_edited=&#8221;on|desktop&#8221; custom_padding=&#8221;||0px|0px|false|false&#8221; text_orientation_tablet=&#8221;&#8221; text_orientation_phone=&#8221;center&#8221; text_orientation_last_edited=&#8221;on|phone&#8221; module_alignment_last_edited=&#8221;off|phone&#8221; global_colors_info=&#8221;{}&#8221;][\/dsm_dual_heading][et_pb_text _builder_version=&#8221;4.18.1&#8243; _module_preset=&#8221;default&#8221; text_font=&#8221;Almarai|300|||||||&#8221; header_font=&#8221;Almarai|300||on|||||&#8221; custom_margin=&#8221;0px||4vh||false|false&#8221; custom_margin_tablet=&#8221;||4vh||false|false&#8221; custom_margin_phone=&#8221;0px||4vh||false|false&#8221; custom_padding=&#8221;||||false|false&#8221; custom_padding_tablet=&#8221;0px||0px||true|false&#8221; custom_padding_phone=&#8221;||||true|false&#8221; custom_padding_last_edited=&#8221;on|tablet&#8221; text_orientation_tablet=&#8221;left&#8221; text_orientation_phone=&#8221;center&#8221; text_orientation_last_edited=&#8221;on|tablet&#8221; global_colors_info=&#8221;{}&#8221;]<\/p>\n<p>Plast Solutions ApS blev etableret i 2018 af Christopher S\u00f8rensen, en erfaren rejsemont\u00f8r, der besluttede at tage springet og starte sin egen virksomhed. Christopher havde bem\u00e6rket det stigende behov for akvakulturbyggeri og \u00f8nskede at tilbyde specialiserede l\u00f8sninger til denne industri. Plast Solutions har fra starten v\u00e6ret en p\u00e5lidelig leverand\u00f8r af kvalificerede og certificerede mont\u00f8rer samt innovative l\u00f8sninger til akvakulturindustrien.<\/p>\n<p>Virksomheden har under Covid-19 bev\u00e6get sig ind p\u00e5 andre industrier. I dag er Plast Solutions en f\u00f8rende leverand\u00f8r p\u00e5 markedet inden for teknisk r\u00f8rf\u00f8ring og innovative l\u00f8sninger til akvakultur men arbejder ogs\u00e5 med komplette r\u00f8rf\u00f8ringsl\u00f8sninger til store anl\u00e6gsbyggerier i biogas- vindm\u00f8lle, forsynings- og anden industri. Virksomheden har ogs\u00e5 udvidet sin produktionsafdeling betragteligt og udvikler selv special produkter der bidrager til udviklingen af innovative l\u00f8sninger til de gr\u00f8nne f\u00f8devare- og energiprojekter.<\/p>\n<p>I dag har virksomheden flere anpartshavere og 100 ansatte.<\/p>\n<p>[\/et_pb_text][\/et_pb_column][\/et_pb_row][\/et_pb_section][et_pb_section fb_built=&#8221;1&#8243; _builder_version=&#8221;4.18.1&#8243; _module_preset=&#8221;default&#8221; min_height=&#8221;581.5px&#8221; min_height_tablet=&#8221;581.5px&#8221; min_height_phone=&#8221;581.5px&#8221; min_height_last_edited=&#8221;on|phone&#8221; height_tablet=&#8221;&#8221; height_phone=&#8221;&#8221; height_last_edited=&#8221;on|tablet&#8221; custom_margin=&#8221;1vh||1vh||true|false&#8221; custom_padding=&#8221;5vh||5vh||true|false&#8221; da_disable_devices=&#8221;off|off|off&#8221; locked=&#8221;off&#8221; global_colors_info=&#8221;{}&#8221; da_is_popup=&#8221;off&#8221; da_exit_intent=&#8221;off&#8221; da_has_close=&#8221;on&#8221; da_alt_close=&#8221;off&#8221; da_dark_close=&#8221;off&#8221; da_not_modal=&#8221;on&#8221; da_is_singular=&#8221;off&#8221; da_with_loader=&#8221;off&#8221; da_has_shadow=&#8221;on&#8221;][et_pb_row column_structure=&#8221;1_2,1_2&#8243; _builder_version=&#8221;4.18.1&#8243; _module_preset=&#8221;default&#8221; height_last_edited=&#8221;off|desktop&#8221; custom_padding=&#8221;0px||2px|||&#8221; locked=&#8221;off&#8221; global_colors_info=&#8221;{}&#8221;][et_pb_column type=&#8221;1_2&#8243; _builder_version=&#8221;4.18.1&#8243; _module_preset=&#8221;default&#8221; animation_style=&#8221;slide&#8221; animation_direction=&#8221;left&#8221; animation_speed_curve=&#8221;linear&#8221; global_colors_info=&#8221;{}&#8221;][dsm_dual_heading before_text=&#8221;Vores &#8221; middle_text=&#8221;vision&#8221; _builder_version=&#8221;4.18.1&#8243; _module_preset=&#8221;default&#8221; header_font=&#8221;Almarai|||on|||||&#8221; header_font_size=&#8221;30px&#8221; header_letter_spacing=&#8221;3px&#8221; before_font=&#8221;Almarai||||||||&#8221; middle_font=&#8221;Almarai||||||||&#8221; middle_text_color=&#8221;#47C2EC&#8221; after_font=&#8221;Almarai||||||||&#8221; custom_margin=&#8221;0px||4vh||false|false&#8221; custom_margin_tablet=&#8221;0px||4vh||false|false&#8221; custom_margin_phone=&#8221;0px||4vh||false|false&#8221; custom_margin_last_edited=&#8221;on|desktop&#8221; text_orientation_tablet=&#8221;&#8221; text_orientation_phone=&#8221;center&#8221; text_orientation_last_edited=&#8221;on|phone&#8221; locked=&#8221;off&#8221; global_colors_info=&#8221;{}&#8221;][\/dsm_dual_heading][et_pb_text _builder_version=&#8221;4.18.1&#8243; _module_preset=&#8221;default&#8221; text_font=&#8221;Almarai|300|||||||&#8221; header_font=&#8221;Almarai|900||on|||||&#8221; custom_margin=&#8221;||4vh||false|false&#8221; custom_margin_tablet=&#8221;||4vh||false|false&#8221; custom_margin_phone=&#8221;||4vh||false|false&#8221; custom_padding=&#8221;||||false|false&#8221; text_orientation_tablet=&#8221;&#8221; text_orientation_phone=&#8221;center&#8221; text_orientation_last_edited=&#8221;on|phone&#8221; global_colors_info=&#8221;{}&#8221;]<\/p>\n<p><span>At blive en f\u00f8rende inden for b\u00e6redygtige tekniske r\u00f8rl\u00f8sninger og s\u00e6tte nye standarder for innovation inden for akvakultur, biogas og industri.<\/span><\/p>\n<p>[\/et_pb_text][\/et_pb_column][et_pb_column type=&#8221;1_2&#8243; _builder_version=&#8221;4.18.1&#8243; _module_preset=&#8221;default&#8221; animation_style=&#8221;slide&#8221; animation_direction=&#8221;right&#8221; animation_speed_curve=&#8221;linear&#8221; global_colors_info=&#8221;{}&#8221;][et_pb_image src=&#8221;https:\/\/plastsolutions.dk\/wp-content\/uploads\/2023\/07\/23.jpg&#8221; title_text=&#8221;23&#8243; align=&#8221;right&#8221; src_tablet=&#8221;https:\/\/plastsolutions.dk\/wp-content\/uploads\/2023\/06\/9.png&#8221; src_phone=&#8221;https:\/\/plastsolutions.dk\/wp-content\/uploads\/2023\/06\/9.png&#8221; src_last_edited=&#8221;on|phone&#8221; align_tablet=&#8221;center&#8221; align_phone=&#8221;center&#8221; align_last_edited=&#8221;on|tablet&#8221; disabled_on=&#8221;off|off|off&#8221; _builder_version=&#8221;4.18.1&#8243; _module_preset=&#8221;default&#8221; width=&#8221;85%&#8221; width_tablet=&#8221;85%&#8221; width_phone=&#8221;85%&#8221; width_last_edited=&#8221;on|tablet&#8221; module_alignment=&#8221;right&#8221; height=&#8221;90vh&#8221; height_tablet=&#8221;35vh&#8221; height_phone=&#8221;35vh&#8221; height_last_edited=&#8221;on|tablet&#8221; max_height=&#8221;1000px&#8221; custom_margin=&#8221;0px||||false|false&#8221; custom_padding=&#8221;|0px|0px|0px|false|false&#8221; custom_padding_tablet=&#8221;4vh|0px|2vh|0px|false|false&#8221; custom_padding_phone=&#8221;3%||||false|false&#8221; custom_padding_last_edited=&#8221;on|tablet&#8221; animation_direction=&#8221;right&#8221; module_alignment_tablet=&#8221;center&#8221; module_alignment_phone=&#8221;center&#8221; module_alignment_last_edited=&#8221;on|tablet&#8221; border_radii=&#8221;on|5px|5px|5px|5px&#8221; global_colors_info=&#8221;{}&#8221;][\/et_pb_image][\/et_pb_column][\/et_pb_row][\/et_pb_section][et_pb_section fb_built=&#8221;1&#8243; _builder_version=&#8221;4.18.1&#8243; _module_preset=&#8221;default&#8221; min_height_tablet=&#8221;783.3px&#8221; min_height_phone=&#8221;783.3px&#8221; min_height_last_edited=&#8221;off|desktop&#8221; height_tablet=&#8221;&#8221; height_phone=&#8221;&#8221; height_last_edited=&#8221;on|phone&#8221; custom_margin=&#8221;0px||||false|false&#8221; custom_padding=&#8221;5vh||5vh||true|false&#8221; module_alignment_tablet=&#8221;center&#8221; module_alignment_phone=&#8221;center&#8221; module_alignment_last_edited=&#8221;on|tablet&#8221; da_disable_devices=&#8221;off|off|off&#8221; locked=&#8221;off&#8221; global_colors_info=&#8221;{}&#8221; height__hover_enabled=&#8221;off|desktop&#8221; da_is_popup=&#8221;off&#8221; da_exit_intent=&#8221;off&#8221; da_has_close=&#8221;on&#8221; da_alt_close=&#8221;off&#8221; da_dark_close=&#8221;off&#8221; da_not_modal=&#8221;on&#8221; da_is_singular=&#8221;off&#8221; da_with_loader=&#8221;off&#8221; da_has_shadow=&#8221;on&#8221;][et_pb_row column_structure=&#8221;1_2,1_2&#8243; _builder_version=&#8221;4.18.1&#8243; _module_preset=&#8221;default&#8221; height_tablet=&#8221;90vh&#8221; height_phone=&#8221;90vh&#8221; height_last_edited=&#8221;off|desktop&#8221; custom_margin=&#8221;0px|auto||auto|false|false&#8221; custom_padding=&#8221;0px||0px|||&#8221; custom_css_main_element=&#8221;display : flex;||flex-wrap : wrap;&#8221; global_colors_info=&#8221;{}&#8221;][et_pb_column type=&#8221;1_2&#8243; _builder_version=&#8221;4.18.1&#8243; _module_preset=&#8221;default&#8221; animation_style=&#8221;slide&#8221; animation_direction=&#8221;left&#8221; animation_speed_curve=&#8221;linear&#8221; global_colors_info=&#8221;{}&#8221; custom_css_main_element_last_edited=&#8221;on|tablet&#8221; custom_css_main_element_tablet=&#8221;order: 2;&#8221; custom_css_main_element_phone=&#8221;order: 2;&#8221;][et_pb_image src=&#8221;https:\/\/plastsolutions.dk\/wp-content\/uploads\/2023\/07\/25.jpg&#8221; title_text=&#8221;25&#8243; src_tablet=&#8221;https:\/\/plastsolutions.dk\/wp-content\/uploads\/2023\/06\/10.png&#8221; src_phone=&#8221;https:\/\/plastsolutions.dk\/wp-content\/uploads\/2023\/06\/10.png&#8221; src_last_edited=&#8221;on|phone&#8221; align_tablet=&#8221;center&#8221; align_phone=&#8221;center&#8221; align_last_edited=&#8221;on|tablet&#8221; disabled_on=&#8221;off|off|off&#8221; _builder_version=&#8221;4.18.1&#8243; _module_preset=&#8221;default&#8221; transform_scale_last_edited=&#8221;off|tablet&#8221; transform_translate_last_edited=&#8221;off|tablet&#8221; transform_rotate_last_edited=&#8221;off|tablet&#8221; transform_skew_last_edited=&#8221;off|tablet&#8221; transform_origin_last_edited=&#8221;off|tablet&#8221; transform_styles_last_edited=&#8221;off|tablet&#8221; width=&#8221;85%&#8221; width_tablet=&#8221;&#8221; width_phone=&#8221;&#8221; width_last_edited=&#8221;on|tablet&#8221; module_alignment=&#8221;left&#8221; height=&#8221;90vh&#8221; height_tablet=&#8221;35vh&#8221; height_phone=&#8221;35vh&#8221; height_last_edited=&#8221;on|tablet&#8221; max_height=&#8221;1000px&#8221; custom_padding=&#8221;||0px||false|false&#8221; custom_padding_tablet=&#8221;2vh||2vh||true|false&#8221; custom_padding_phone=&#8221;2vh||2vh||true|false&#8221; custom_padding_last_edited=&#8221;on|tablet&#8221; animation_direction=&#8221;left&#8221; module_alignment_tablet=&#8221;center&#8221; module_alignment_phone=&#8221;center&#8221; module_alignment_last_edited=&#8221;on|tablet&#8221; border_radii=&#8221;on|5px|5px|5px|5px&#8221; global_colors_info=&#8221;{}&#8221;][\/et_pb_image][\/et_pb_column][et_pb_column type=&#8221;1_2&#8243; _builder_version=&#8221;4.18.1&#8243; _module_preset=&#8221;default&#8221; animation_style=&#8221;slide&#8221; animation_direction=&#8221;right&#8221; animation_speed_curve=&#8221;linear&#8221; global_colors_info=&#8221;{}&#8221; custom_css_main_element_last_edited=&#8221;on|tablet&#8221; custom_css_main_element_tablet=&#8221;order: 1;&#8221; custom_css_main_element_phone=&#8221;order: 1;&#8221;][dsm_dual_heading before_text=&#8221;vores &#8221; middle_text=&#8221;mission&#8221; _builder_version=&#8221;4.18.1&#8243; _module_preset=&#8221;default&#8221; header_font=&#8221;Almarai|||on|||||&#8221; header_font_size=&#8221;30px&#8221; header_letter_spacing=&#8221;3px&#8221; middle_font=&#8221;Almarai|||on|||||&#8221; middle_text_color=&#8221;#47C2EC&#8221; custom_margin=&#8221;0px||4vh|0px|false|false&#8221; custom_margin_tablet=&#8221;0px||4vh|0px|false|false&#8221; custom_margin_phone=&#8221;0px||4vh|0px|false|false&#8221; custom_margin_last_edited=&#8221;on|desktop&#8221; custom_padding=&#8221;||0px|0px|false|false&#8221; text_orientation_tablet=&#8221;&#8221; text_orientation_phone=&#8221;center&#8221; text_orientation_last_edited=&#8221;on|phone&#8221; module_alignment_last_edited=&#8221;off|phone&#8221; global_colors_info=&#8221;{}&#8221;][\/dsm_dual_heading][et_pb_text _builder_version=&#8221;4.18.1&#8243; _module_preset=&#8221;default&#8221; text_font=&#8221;Almarai|300|||||||&#8221; header_font=&#8221;Almarai|300||on|||||&#8221; custom_margin=&#8221;0px||4vh||false|false&#8221; custom_margin_tablet=&#8221;||4vh||false|false&#8221; custom_margin_phone=&#8221;0px||4vh||false|false&#8221; custom_padding=&#8221;||||false|false&#8221; custom_padding_tablet=&#8221;0px||0px||true|false&#8221; custom_padding_phone=&#8221;||||true|false&#8221; custom_padding_last_edited=&#8221;on|tablet&#8221; text_orientation_tablet=&#8221;left&#8221; text_orientation_phone=&#8221;center&#8221; text_orientation_last_edited=&#8221;on|tablet&#8221; global_colors_info=&#8221;{}&#8221;]<\/p>\n<p><span>At styrke den gr\u00f8nne omstilling ved at designe og implementere innovative og b\u00e6redygtige r\u00f8rl\u00f8sninger, opbygge tillid og sikre kundetilfredshed gennem kvalitetsservice. Vi er dedikerede til kontinuerligt at minimere vores milj\u00f8m\u00e6ssige fodaftryk og fremme en mere b\u00e6redygtig fremtid.<\/span><\/p>\n<p>[\/et_pb_text][\/et_pb_column][\/et_pb_row][\/et_pb_section]<\/p>\n","protected":false},"excerpt":{"rendered":"<p><div class=\"et_pb_module dsm_dual_heading dsm_dual_heading_0  et_pb_text_align_center-phone et_pb_bg_layout_light\">\n\t\t\t\t\n\t\t\t\t\n\t\t\t\t\n\t\t\t\t\n\t\t\t\t\n\t\t\t\t\n\t\t\t\t<div class=\"et_pb_module_inner\">\n\t\t\t\t\t<h2 class=\"dsm-dual-heading-main et_pb_module_header\"><span class=\"dsm-dual-heading-before\">Plast <\/span><span class=\"dsm-dual-heading-middle\">Solutions<\/span><\/h2>\n\t\t\t\t<\/div>\n\t\t\t<\/div>Plast Solutions ApS blev etableret i 2018 af Christopher S\u00f8rensen, en erfaren rejsemont\u00f8r, der besluttede at tage springet og starte sin egen virksomhed. Christopher havde bem\u00e6rket det stigende behov for akvakulturbyggeri og \u00f8nskede at tilbyde [&hellip;]<\/p>\n","protected":false},"author":4,"featured_media":240372,"parent":0,"menu_order":0,"comment_status":"closed","ping_status":"closed","template":"","meta":{"_et_pb_use_builder":"on","_et_pb_old_content":"","_et_gb_content_width":"","footnotes":""},"class_list":["post-240440","page","type-page","status-publish","has-post-thumbnail","hentry"],"_links":{"self":[{"href":"https:\/\/plastsolutions.dk\/eng\/wp-json\/wp\/v2\/pages\/240440","targetHints":{"allow":["GET"]}}],"collection":[{"href":"https:\/\/plastsolutions.dk\/eng\/wp-json\/wp\/v2\/pages"}],"about":[{"href":"https:\/\/plastsolutions.dk\/eng\/wp-json\/wp\/v2\/types\/page"}],"author":[{"embeddable":true,"href":"https:\/\/plastsolutions.dk\/eng\/wp-json\/wp\/v2\/users\/4"}],"replies":[{"embeddable":true,"href":"https:\/\/plastsolutions.dk\/eng\/wp-json\/wp\/v2\/comments?post=240440"}],"version-history":[{"count":33,"href":"https:\/\/plastsolutions.dk\/eng\/wp-json\/wp\/v2\/pages\/240440\/revisions"}],"predecessor-version":[{"id":242427,"href":"https:\/\/plastsolutions.dk\/eng\/wp-json\/wp\/v2\/pages\/240440\/revisions\/242427"}],"wp:featuredmedia":[{"embeddable":true,"href":"https:\/\/plastsolutions.dk\/eng\/wp-json\/wp\/v2\/media\/240372"}],"wp:attachment":[{"href":"https:\/\/plastsolutions.dk\/eng\/wp-json\/wp\/v2\/media?parent=240440"}],"curies":[{"name":"wp","href":"https:\/\/api.w.org\/{rel}","templated":true}]}}