{"id":240520,"date":"2023-04-26T11:05:46","date_gmt":"2023-04-26T11:05:46","guid":{"rendered":"https:\/\/plastsolutions.dk\/?page_id=240520"},"modified":"2024-03-06T11:23:53","modified_gmt":"2024-03-06T11:23:53","slug":"hvorfor-kan-plastik-vaere-et-miljobevidst-valg","status":"publish","type":"page","link":"https:\/\/plastsolutions.dk\/eng\/hvorfor-kan-plastik-vaere-et-miljobevidst-valg\/","title":{"rendered":"Possibilities of plastic"},"content":{"rendered":"<p>[et_pb_section fb_built=&#8221;1&#8243; fullwidth=&#8221;on&#8221; _builder_version=&#8221;4.18.1&#8243; _module_preset=&#8221;default&#8221; height=&#8221;100vh&#8221; da_disable_devices=&#8221;off|off|off&#8221; locked=&#8221;off&#8221; global_colors_info=&#8221;{}&#8221; da_is_popup=&#8221;off&#8221; da_exit_intent=&#8221;off&#8221; da_has_close=&#8221;on&#8221; da_alt_close=&#8221;off&#8221; da_dark_close=&#8221;off&#8221; da_not_modal=&#8221;on&#8221; da_is_singular=&#8221;off&#8221; da_with_loader=&#8221;off&#8221; da_has_shadow=&#8221;on&#8221;][et_pb_fullwidth_header title=&#8221;plastens mange muligheder&#8221; header_fullscreen=&#8221;on&#8221; content_orientation=&#8221;bottom&#8221; _builder_version=&#8221;4.18.1&#8243; _module_preset=&#8221;default&#8221; title_font=&#8221;Almarai|||on|||||&#8221; title_text_align=&#8221;left&#8221; title_text_color=&#8221;#000000&#8243; title_font_size=&#8221;60px&#8221; title_letter_spacing=&#8221;6px&#8221; content_font=&#8221;Almarai||||||||&#8221; subhead_font=&#8221;Almarai||||||||&#8221; background_enable_color=&#8221;off&#8221; use_background_color_gradient=&#8221;on&#8221; background_color_gradient_stops=&#8221;rgba(25,63,119,0) 70%|rgba(140, 159, 187, 0.5) 75%|#ffffff 94%&#8221; background_color_gradient_overlays_image=&#8221;on&#8221; background_image=&#8221;https:\/\/plastsolutions.dk\/wp-content\/uploads\/2023\/04\/Skabelon-banner-hjemmeside-8.png&#8221; background_layout=&#8221;light&#8221; height=&#8221;90vh&#8221; custom_padding=&#8221;0px||0px||false|false&#8221; custom_padding_tablet=&#8221;0px||0px||false|false&#8221; custom_padding_phone=&#8221;70%||0px||false|false&#8221; custom_padding_last_edited=&#8221;on|phone&#8221; title_font_size_tablet=&#8221;60px&#8221; title_font_size_phone=&#8221;30px&#8221; title_font_size_last_edited=&#8221;on|phone&#8221; global_colors_info=&#8221;{}&#8221;][\/et_pb_fullwidth_header][\/et_pb_section][et_pb_section fb_built=&#8221;1&#8243; _builder_version=&#8221;4.18.1&#8243; _module_preset=&#8221;default&#8221; min_height_tablet=&#8221;783.3px&#8221; min_height_phone=&#8221;783.3px&#8221; min_height_last_edited=&#8221;off|desktop&#8221; height_tablet=&#8221;&#8221; height_phone=&#8221;&#8221; height_last_edited=&#8221;on|phone&#8221; custom_margin=&#8221;0px||||false|false&#8221; custom_padding=&#8221;5vh||5vh||true|false&#8221; module_alignment_tablet=&#8221;center&#8221; module_alignment_phone=&#8221;center&#8221; module_alignment_last_edited=&#8221;on|tablet&#8221; da_disable_devices=&#8221;off|off|off&#8221; locked=&#8221;off&#8221; global_colors_info=&#8221;{}&#8221; height__hover_enabled=&#8221;off|desktop&#8221; da_is_popup=&#8221;off&#8221; da_exit_intent=&#8221;off&#8221; da_has_close=&#8221;on&#8221; da_alt_close=&#8221;off&#8221; da_dark_close=&#8221;off&#8221; da_not_modal=&#8221;on&#8221; da_is_singular=&#8221;off&#8221; da_with_loader=&#8221;off&#8221; da_has_shadow=&#8221;on&#8221;][et_pb_row column_structure=&#8221;1_2,1_2&#8243; _builder_version=&#8221;4.18.1&#8243; _module_preset=&#8221;default&#8221; height_tablet=&#8221;90vh&#8221; height_phone=&#8221;90vh&#8221; height_last_edited=&#8221;off|desktop&#8221; custom_margin=&#8221;0px|auto||auto|false|false&#8221; custom_padding=&#8221;0px||0px|||&#8221; custom_css_main_element=&#8221;display : flex;||flex-wrap : wrap;&#8221; global_colors_info=&#8221;{}&#8221;][et_pb_column type=&#8221;1_2&#8243; _builder_version=&#8221;4.18.1&#8243; _module_preset=&#8221;default&#8221; animation_direction=&#8221;left&#8221; global_colors_info=&#8221;{}&#8221; custom_css_main_element_last_edited=&#8221;on|tablet&#8221; custom_css_main_element_tablet=&#8221;order: 2;&#8221; custom_css_main_element_phone=&#8221;order: 2;&#8221;][et_pb_image src=&#8221;https:\/\/plastsolutions.dk\/wp-content\/uploads\/2023\/05\/29.png&#8221; title_text=&#8221;9&#8243; src_tablet=&#8221;https:\/\/plastsolutions.dk\/wp-content\/uploads\/2023\/05\/9.png&#8221; src_phone=&#8221;https:\/\/plastsolutions.dk\/wp-content\/uploads\/2023\/05\/9.png&#8221; src_last_edited=&#8221;on|phone&#8221; align_tablet=&#8221;center&#8221; align_phone=&#8221;center&#8221; align_last_edited=&#8221;on|tablet&#8221; disabled_on=&#8221;off|off|off&#8221; _builder_version=&#8221;4.18.1&#8243; _module_preset=&#8221;default&#8221; transform_scale_last_edited=&#8221;off|tablet&#8221; transform_translate_last_edited=&#8221;off|tablet&#8221; transform_rotate_last_edited=&#8221;off|tablet&#8221; transform_skew_last_edited=&#8221;off|tablet&#8221; transform_origin_last_edited=&#8221;off|tablet&#8221; transform_styles_last_edited=&#8221;off|tablet&#8221; width=&#8221;85%&#8221; width_tablet=&#8221;&#8221; width_phone=&#8221;&#8221; width_last_edited=&#8221;on|tablet&#8221; module_alignment=&#8221;left&#8221; height=&#8221;90vh&#8221; height_tablet=&#8221;35vh&#8221; height_phone=&#8221;35vh&#8221; height_last_edited=&#8221;on|tablet&#8221; max_height=&#8221;1000px&#8221; custom_padding=&#8221;||0px||false|false&#8221; custom_padding_tablet=&#8221;2vh||2vh||true|false&#8221; custom_padding_phone=&#8221;2vh||2vh||true|false&#8221; custom_padding_last_edited=&#8221;on|tablet&#8221; animation_direction=&#8221;left&#8221; module_alignment_tablet=&#8221;center&#8221; module_alignment_phone=&#8221;center&#8221; module_alignment_last_edited=&#8221;on|tablet&#8221; border_radii=&#8221;on|5px|5px|5px|5px&#8221; global_colors_info=&#8221;{}&#8221;][\/et_pb_image][\/et_pb_column][et_pb_column type=&#8221;1_2&#8243; _builder_version=&#8221;4.18.1&#8243; _module_preset=&#8221;default&#8221; animation_direction=&#8221;right&#8221; global_colors_info=&#8221;{}&#8221; custom_css_main_element_last_edited=&#8221;on|tablet&#8221; custom_css_main_element_tablet=&#8221;order: 1;&#8221; custom_css_main_element_phone=&#8221;order: 1;&#8221;][dsm_dual_heading before_text=&#8221;hvorfor &#8221; middle_text=&#8221;plastik&#8221; _builder_version=&#8221;4.18.1&#8243; _module_preset=&#8221;default&#8221; header_font=&#8221;Almarai|||on|||||&#8221; header_font_size=&#8221;30px&#8221; header_letter_spacing=&#8221;3px&#8221; middle_font=&#8221;Almarai|||on|||||&#8221; middle_text_color=&#8221;#47C2EC&#8221; custom_margin=&#8221;0px||4vh|0px|false|false&#8221; custom_margin_tablet=&#8221;0px||4vh|0px|false|false&#8221; custom_margin_phone=&#8221;0px||4vh|0px|false|false&#8221; custom_margin_last_edited=&#8221;on|desktop&#8221; custom_padding=&#8221;||0px|0px|false|false&#8221; text_orientation_tablet=&#8221;&#8221; text_orientation_phone=&#8221;center&#8221; text_orientation_last_edited=&#8221;on|phone&#8221; module_alignment_last_edited=&#8221;off|phone&#8221; global_colors_info=&#8221;{}&#8221;][\/dsm_dual_heading][et_pb_text _builder_version=&#8221;4.18.1&#8243; _module_preset=&#8221;default&#8221; text_font=&#8221;Almarai|300|||||||&#8221; header_font=&#8221;Almarai|300||on|||||&#8221; custom_margin=&#8221;0px||4vh||false|false&#8221; custom_margin_tablet=&#8221;||4vh||false|false&#8221; custom_margin_phone=&#8221;0px||4vh||false|false&#8221; custom_padding=&#8221;||||false|false&#8221; custom_padding_tablet=&#8221;0px||0px||true|false&#8221; custom_padding_phone=&#8221;||||true|false&#8221; custom_padding_last_edited=&#8221;on|tablet&#8221; text_orientation_tablet=&#8221;left&#8221; text_orientation_phone=&#8221;center&#8221; text_orientation_last_edited=&#8221;on|tablet&#8221; global_colors_info=&#8221;{}&#8221;]<\/p>\n<p><span>Plastik er et af nutidens mest udsk\u00e6ldte materialer, men det kan faktisk v\u00e6re en b\u00e6redygtig l\u00f8sning, hvis det h\u00e5ndteres korrekt og bliver genanvendt. Line\u00e6r \u00f8konomi, hvor fokus er p\u00e5 at producere, k\u00f8be og smide v\u00e6k, spiller en alt for stor rolle i samfundet i dag. Derfor er det vigtigt at v\u00e6lge materialer, der kan genanvendes, og at levere kvalitetsl\u00f8sninger, der lever op til standarderne og med lang levetid \u2013 for virksomheder har et stort ansvar for milj\u00f8 og klima.<\/span><\/p>\n<p><span><\/span><\/p>\n<p><span>Plast Solutions er en af Danmarks st\u00f8rste leverand\u00f8rer af produkter og mont\u00f8rer til anl\u00e6gsbyggerier i gr\u00f8nne procesindustrier som akvakultur, biogas og anden industri. Vores kunder st\u00e5r bag mange forskellige l\u00f8sninger, der transporterer vand, spildevand og biogas gennem r\u00f8rsystemer b\u00e5de i Danmark og udlandet. L\u00f8sningerne kan v\u00e6re pr\u00e6fabrikerede siloer og tanke, br\u00f8nde, k\u00f8leanl\u00e6g, r\u00f8rf\u00f8ring og installation af pumper, vekslere, og pr\u00e6fabrikation og montering af manifolde. Produkterne udbydes i b\u00e5de PE, PP, PVC, PVDF og pr\u00e6isolerede r\u00f8r \u2013 og laves b\u00e5de pr\u00e6fabrikeret og p\u00e5 site. Fokus er p\u00e5 kvalitet, b\u00e6redygtighed og ekspertise.<\/span><\/p>\n<p>[\/et_pb_text][\/et_pb_column][\/et_pb_row][\/et_pb_section][et_pb_section fb_built=&#8221;1&#8243; _builder_version=&#8221;4.18.1&#8243; _module_preset=&#8221;default&#8221; min_height=&#8221;581.5px&#8221; min_height_tablet=&#8221;581.5px&#8221; min_height_phone=&#8221;581.5px&#8221; min_height_last_edited=&#8221;on|phone&#8221; height_tablet=&#8221;&#8221; height_phone=&#8221;&#8221; height_last_edited=&#8221;on|tablet&#8221; custom_margin=&#8221;1vh||1vh||true|false&#8221; custom_padding=&#8221;5vh||5vh||true|false&#8221; da_disable_devices=&#8221;off|off|off&#8221; locked=&#8221;off&#8221; global_colors_info=&#8221;{}&#8221; da_is_popup=&#8221;off&#8221; da_exit_intent=&#8221;off&#8221; da_has_close=&#8221;on&#8221; da_alt_close=&#8221;off&#8221; da_dark_close=&#8221;off&#8221; da_not_modal=&#8221;on&#8221; da_is_singular=&#8221;off&#8221; da_with_loader=&#8221;off&#8221; da_has_shadow=&#8221;on&#8221;][et_pb_row column_structure=&#8221;1_2,1_2&#8243; _builder_version=&#8221;4.18.1&#8243; _module_preset=&#8221;default&#8221; height_last_edited=&#8221;off|desktop&#8221; custom_padding=&#8221;0px||2px|||&#8221; locked=&#8221;off&#8221; global_colors_info=&#8221;{}&#8221;][et_pb_column type=&#8221;1_2&#8243; _builder_version=&#8221;4.18.1&#8243; _module_preset=&#8221;default&#8221; animation_style=&#8221;slide&#8221; animation_direction=&#8221;left&#8221; animation_speed_curve=&#8221;linear&#8221; global_colors_info=&#8221;{}&#8221;][et_pb_text _builder_version=&#8221;4.18.1&#8243; _module_preset=&#8221;default&#8221; text_font=&#8221;Almarai|300|||||||&#8221; header_font=&#8221;Almarai|900||on|||||&#8221; custom_margin=&#8221;||4vh||false|false&#8221; custom_margin_tablet=&#8221;||4vh||false|false&#8221; custom_margin_phone=&#8221;||4vh||false|false&#8221; custom_padding=&#8221;||||false|false&#8221; text_orientation_tablet=&#8221;&#8221; text_orientation_phone=&#8221;center&#8221; text_orientation_last_edited=&#8221;on|phone&#8221; global_colors_info=&#8221;{}&#8221;]<\/p>\n<p><span>Plast Solutions l\u00e6gger v\u00e6gt p\u00e5 at skabe den bedst mulige l\u00f8sning og genanvende s\u00e5 meget som muligt. En vigtig del af vores arbejde er at tegne og beregne i vores tekniske afdeling, s\u00e5 produkterne lever op til de p\u00e5kr\u00e6vede standarder og kravspecifikationer. Derudover stiller de store krav til deres leverand\u00f8rer, som skal kunne dokumentere livscyklusanalyser.<\/span><\/p>\n<p>[\/et_pb_text][\/et_pb_column][et_pb_column type=&#8221;1_2&#8243; _builder_version=&#8221;4.18.1&#8243; _module_preset=&#8221;default&#8221; animation_style=&#8221;slide&#8221; animation_direction=&#8221;right&#8221; animation_speed_curve=&#8221;linear&#8221; global_colors_info=&#8221;{}&#8221;][et_pb_image src=&#8221;https:\/\/plastsolutions.dk\/wp-content\/uploads\/2023\/05\/30.png&#8221; title_text=&#8221;10&#8243; align=&#8221;right&#8221; src_tablet=&#8221;https:\/\/plastsolutions.dk\/wp-content\/uploads\/2023\/05\/10.png&#8221; src_phone=&#8221;https:\/\/plastsolutions.dk\/wp-content\/uploads\/2023\/05\/10.png&#8221; src_last_edited=&#8221;on|phone&#8221; align_tablet=&#8221;center&#8221; align_phone=&#8221;center&#8221; align_last_edited=&#8221;on|tablet&#8221; disabled_on=&#8221;off|off|off&#8221; _builder_version=&#8221;4.18.1&#8243; _module_preset=&#8221;default&#8221; width=&#8221;85%&#8221; width_tablet=&#8221;85%&#8221; width_phone=&#8221;85%&#8221; width_last_edited=&#8221;on|tablet&#8221; module_alignment=&#8221;right&#8221; height=&#8221;90vh&#8221; height_tablet=&#8221;35vh&#8221; height_phone=&#8221;35vh&#8221; height_last_edited=&#8221;on|tablet&#8221; max_height=&#8221;1000px&#8221; custom_margin=&#8221;0px||||false|false&#8221; custom_padding=&#8221;|0px|0px|0px|false|false&#8221; custom_padding_tablet=&#8221;4vh|0px|2vh|0px|false|false&#8221; custom_padding_phone=&#8221;3%||||false|false&#8221; custom_padding_last_edited=&#8221;on|tablet&#8221; animation_direction=&#8221;right&#8221; module_alignment_tablet=&#8221;center&#8221; module_alignment_phone=&#8221;center&#8221; module_alignment_last_edited=&#8221;on|tablet&#8221; border_radii=&#8221;on|5px|5px|5px|5px&#8221; global_colors_info=&#8221;{}&#8221;][\/et_pb_image][\/et_pb_column][\/et_pb_row][\/et_pb_section][et_pb_section fb_built=&#8221;1&#8243; _builder_version=&#8221;4.18.1&#8243; _module_preset=&#8221;default&#8221; min_height_tablet=&#8221;783.3px&#8221; min_height_phone=&#8221;783.3px&#8221; min_height_last_edited=&#8221;off|desktop&#8221; height=&#8221;100vh&#8221; height_tablet=&#8221;&#8221; height_phone=&#8221;&#8221; height_last_edited=&#8221;on|phone&#8221; custom_margin=&#8221;0px||||false|false&#8221; custom_padding=&#8221;5vh||5vh||false|false&#8221; module_alignment_tablet=&#8221;center&#8221; module_alignment_phone=&#8221;center&#8221; module_alignment_last_edited=&#8221;on|tablet&#8221; da_disable_devices=&#8221;off|off|off&#8221; locked=&#8221;off&#8221; global_colors_info=&#8221;{}&#8221; height__hover_enabled=&#8221;off|desktop&#8221; da_is_popup=&#8221;off&#8221; da_exit_intent=&#8221;off&#8221; da_has_close=&#8221;on&#8221; da_alt_close=&#8221;off&#8221; da_dark_close=&#8221;off&#8221; da_not_modal=&#8221;on&#8221; da_is_singular=&#8221;off&#8221; da_with_loader=&#8221;off&#8221; da_has_shadow=&#8221;on&#8221;][et_pb_row column_structure=&#8221;1_2,1_2&#8243; _builder_version=&#8221;4.18.1&#8243; _module_preset=&#8221;default&#8221; height_tablet=&#8221;90vh&#8221; height_phone=&#8221;90vh&#8221; height_last_edited=&#8221;off|desktop&#8221; custom_margin=&#8221;0px|auto||auto|false|false&#8221; custom_padding=&#8221;0px||0px|||&#8221; custom_css_main_element=&#8221;display : flex;||flex-wrap : wrap;&#8221; global_colors_info=&#8221;{}&#8221;][et_pb_column type=&#8221;1_2&#8243; _builder_version=&#8221;4.18.1&#8243; _module_preset=&#8221;default&#8221; animation_style=&#8221;slide&#8221; animation_direction=&#8221;left&#8221; animation_speed_curve=&#8221;linear&#8221; global_colors_info=&#8221;{}&#8221; custom_css_main_element_last_edited=&#8221;on|tablet&#8221; custom_css_main_element_tablet=&#8221;order: 2;&#8221; custom_css_main_element_phone=&#8221;order: 2;&#8221;][et_pb_image src=&#8221;https:\/\/plastsolutions.dk\/wp-content\/uploads\/2023\/05\/Skabelon-hoejformat-forside-27.png&#8221; title_text=&#8221;11&#8243; src_tablet=&#8221;https:\/\/plastsolutions.dk\/wp-content\/uploads\/2023\/05\/11.png&#8221; src_phone=&#8221;https:\/\/plastsolutions.dk\/wp-content\/uploads\/2023\/05\/11.png&#8221; src_last_edited=&#8221;on|phone&#8221; align_tablet=&#8221;center&#8221; align_phone=&#8221;center&#8221; align_last_edited=&#8221;on|tablet&#8221; disabled_on=&#8221;off|off|off&#8221; _builder_version=&#8221;4.18.1&#8243; _module_preset=&#8221;default&#8221; transform_scale_last_edited=&#8221;off|tablet&#8221; transform_translate_last_edited=&#8221;off|tablet&#8221; transform_rotate_last_edited=&#8221;off|tablet&#8221; transform_skew_last_edited=&#8221;off|tablet&#8221; transform_origin_last_edited=&#8221;off|tablet&#8221; transform_styles_last_edited=&#8221;off|tablet&#8221; width=&#8221;85%&#8221; width_tablet=&#8221;&#8221; width_phone=&#8221;&#8221; width_last_edited=&#8221;on|tablet&#8221; module_alignment=&#8221;left&#8221; height=&#8221;90vh&#8221; height_tablet=&#8221;35vh&#8221; height_phone=&#8221;35vh&#8221; height_last_edited=&#8221;on|tablet&#8221; max_height=&#8221;1000px&#8221; custom_padding=&#8221;||0px||false|false&#8221; custom_padding_tablet=&#8221;2vh||2vh||true|false&#8221; custom_padding_phone=&#8221;2vh||2vh||true|false&#8221; custom_padding_last_edited=&#8221;on|tablet&#8221; animation_direction=&#8221;left&#8221; module_alignment_tablet=&#8221;center&#8221; module_alignment_phone=&#8221;center&#8221; module_alignment_last_edited=&#8221;on|tablet&#8221; border_radii=&#8221;on|5px|5px|5px|5px&#8221; global_colors_info=&#8221;{}&#8221;][\/et_pb_image][\/et_pb_column][et_pb_column type=&#8221;1_2&#8243; _builder_version=&#8221;4.18.1&#8243; _module_preset=&#8221;default&#8221; animation_style=&#8221;slide&#8221; animation_direction=&#8221;right&#8221; animation_speed_curve=&#8221;linear&#8221; global_colors_info=&#8221;{}&#8221; custom_css_main_element_last_edited=&#8221;on|tablet&#8221; custom_css_main_element_tablet=&#8221;order: 1;&#8221; custom_css_main_element_phone=&#8221;order: 1;&#8221;][et_pb_text _builder_version=&#8221;4.18.1&#8243; _module_preset=&#8221;default&#8221; text_font=&#8221;Almarai|300|||||||&#8221; header_font=&#8221;Almarai|300||on|||||&#8221; custom_margin=&#8221;0px||4vh||false|false&#8221; custom_margin_tablet=&#8221;||4vh||false|false&#8221; custom_margin_phone=&#8221;0px||4vh||false|false&#8221; custom_padding=&#8221;||||false|false&#8221; custom_padding_tablet=&#8221;0px||0px||true|false&#8221; custom_padding_phone=&#8221;||||true|false&#8221; custom_padding_last_edited=&#8221;on|tablet&#8221; text_orientation_tablet=&#8221;left&#8221; text_orientation_phone=&#8221;center&#8221; text_orientation_last_edited=&#8221;on|tablet&#8221; global_colors_info=&#8221;{}&#8221;]<\/p>\n<p><span>Plast er let at transportere og har en meget lang levetid (op mod 100 \u00e5r), og n\u00e5r det graves op igen, kan det genanvendes. Derudover bliver al deres produktionsaffald samlet op og k\u00f8rt til genanvendelse til ny r\u00f8rproduktion. Plast er ofte i udbud mod beton og glasfiber. Dog er store dimensioner af glasfiber ofte billigere, men n\u00e5r glasfiber ikke kan genanvendes efter endt levetid, m\u00e5 det kasseres som affald. Plast er cirkul\u00e6rt og kan indg\u00e5 i flere livscyklusser, hvor det kan genanvendes til andre plastprodukter efter at have v\u00e6ret brugt til drikkevandsproduktion.<\/span><\/p>\n<p><span>Samfundet har l\u00e6nge v\u00e6ret baseret p\u00e5 en line\u00e6r \u00f8konomi, hvor fokus er p\u00e5 at producere, k\u00f8be og smide v\u00e6k. Plast Solutions mener derimod, at plast er en del af den cirkul\u00e6re \u00f8konomi og en b\u00e6redygtig l\u00f8sning.<\/span><\/p>\n<p>[\/et_pb_text][\/et_pb_column][\/et_pb_row][\/et_pb_section]<\/p>\n","protected":false},"excerpt":{"rendered":"<p><div class=\"et_pb_module dsm_dual_heading dsm_dual_heading_0  et_pb_text_align_center-phone et_pb_bg_layout_light\">\n\t\t\t\t\n\t\t\t\t\n\t\t\t\t\n\t\t\t\t\n\t\t\t\t\n\t\t\t\t\n\t\t\t\t<div class=\"et_pb_module_inner\">\n\t\t\t\t\t<h2 class=\"dsm-dual-heading-main et_pb_module_header\"><span class=\"dsm-dual-heading-before\">hvorfor <\/span><span class=\"dsm-dual-heading-middle\">plastik<\/span><\/h2>\n\t\t\t\t<\/div>\n\t\t\t<\/div>Plastik er et af nutidens mest udsk\u00e6ldte materialer, men det kan faktisk v\u00e6re en b\u00e6redygtig l\u00f8sning, hvis det h\u00e5ndteres korrekt og bliver genanvendt. Line\u00e6r \u00f8konomi, hvor fokus er p\u00e5 at producere, k\u00f8be og smide v\u00e6k, [&hellip;]<\/p>\n","protected":false},"author":4,"featured_media":240576,"parent":0,"menu_order":0,"comment_status":"closed","ping_status":"closed","template":"","meta":{"_et_pb_use_builder":"on","_et_pb_old_content":"","_et_gb_content_width":"","footnotes":""},"class_list":["post-240520","page","type-page","status-publish","has-post-thumbnail","hentry"],"_links":{"self":[{"href":"https:\/\/plastsolutions.dk\/eng\/wp-json\/wp\/v2\/pages\/240520","targetHints":{"allow":["GET"]}}],"collection":[{"href":"https:\/\/plastsolutions.dk\/eng\/wp-json\/wp\/v2\/pages"}],"about":[{"href":"https:\/\/plastsolutions.dk\/eng\/wp-json\/wp\/v2\/types\/page"}],"author":[{"embeddable":true,"href":"https:\/\/plastsolutions.dk\/eng\/wp-json\/wp\/v2\/users\/4"}],"replies":[{"embeddable":true,"href":"https:\/\/plastsolutions.dk\/eng\/wp-json\/wp\/v2\/comments?post=240520"}],"version-history":[{"count":20,"href":"https:\/\/plastsolutions.dk\/eng\/wp-json\/wp\/v2\/pages\/240520\/revisions"}],"predecessor-version":[{"id":242179,"href":"https:\/\/plastsolutions.dk\/eng\/wp-json\/wp\/v2\/pages\/240520\/revisions\/242179"}],"wp:featuredmedia":[{"embeddable":true,"href":"https:\/\/plastsolutions.dk\/eng\/wp-json\/wp\/v2\/media\/240576"}],"wp:attachment":[{"href":"https:\/\/plastsolutions.dk\/eng\/wp-json\/wp\/v2\/media?parent=240520"}],"curies":[{"name":"wp","href":"https:\/\/api.w.org\/{rel}","templated":true}]}}