{"id":56262,"date":"2021-09-28T07:56:53","date_gmt":"2021-09-28T07:56:53","guid":{"rendered":"https:\/\/plastsolutions.dk\/?page_id=56262"},"modified":"2021-09-28T07:57:33","modified_gmt":"2021-09-28T07:57:33","slug":"tak-for-din-henvendelse","status":"publish","type":"page","link":"https:\/\/plastsolutions.dk\/eng\/tak-for-din-henvendelse\/","title":{"rendered":"Thank you for your inquiry."},"content":{"rendered":"\n[et_pb_section fb_built=&#8221;1&#8243; custom_padding_last_edited=&#8221;on|phone&#8221; _builder_version=&#8221;4.9.5&#8243; _module_preset=&#8221;default&#8221; use_background_color_gradient=&#8221;on&#8221; background_color_gradient_start=&#8221;rgba(22,39,54,0.75)&#8221; background_color_gradient_end=&#8221;rgba(22,39,54,0.95)&#8221; background_color_gradient_direction=&#8221;90deg&#8221; background_color_gradient_end_position=&#8221;50%&#8221; background_color_gradient_overlays_image=&#8221;on&#8221; background_image=&#8221;https:\/\/plastsolutions.dk\/wp-content\/uploads\/2021\/08\/MG_9647-scaled.jpg&#8221; background_position=&#8221;bottom_center&#8221; custom_margin=&#8221;0px||0px||false|false&#8221; custom_padding=&#8221;25vh||25vh||true|false&#8221; custom_padding_tablet=&#8221;18vh||18vh||true|false&#8221; custom_padding_phone=&#8221;8vh||8vh||true|false&#8221; locked=&#8221;off&#8221; background__hover_enabled=&#8221;off|hover&#8221;][et_pb_row _builder_version=&#8221;4.9.5&#8243; _module_preset=&#8221;default&#8221; hover_enabled=&#8221;0&#8243; sticky_enabled=&#8221;0&#8243;][et_pb_column type=&#8221;4_4&#8243; _builder_version=&#8221;4.9.5&#8243; _module_preset=&#8221;default&#8221;][et_pb_text disabled_on=&#8221;off|off|off&#8221; _builder_version=&#8221;4.9.5&#8243; _module_preset=&#8221;7009b5bd-260d-4ed2-bb12-ecc84bc89a21&#8243; header_font=&#8221;|300|||||||&#8221; header_font_size=&#8221;80px&#8221; header_letter_spacing=&#8221;-1px&#8221; header_2_font=&#8221;|300|||||||&#8221; header_2_text_color=&#8221;#FFFFFF&#8221; header_2_font_size=&#8221;80px&#8221; header_2_letter_spacing=&#8221;-1px&#8221; vertical_offset=&#8221;0px&#8221; horizontal_offset=&#8221;0px&#8221; vertical_offset_tablet=&#8221;-600px&#8221; vertical_offset_phone=&#8221;-175px&#8221; vertical_offset_last_edited=&#8221;on|phone&#8221; horizontal_offset_tablet=&#8221;-257px&#8221; horizontal_offset_phone=&#8221;-280px&#8221; horizontal_offset_last_edited=&#8221;on|tablet&#8221; position_origin_a_last_edited=&#8221;off|desktop&#8221; position_origin_f_last_edited=&#8221;off|desktop&#8221; position_origin_r_last_edited=&#8221;off|desktop&#8221; width_tablet=&#8221;100%&#8221; width_phone=&#8221;&#8221; width_last_edited=&#8221;on|tablet&#8221; hover_enabled=&#8221;0&#8243; header_2_text_align_tablet=&#8221;&#8221; header_2_text_align_phone=&#8221;center&#8221; header_2_text_align_last_edited=&#8221;on|phone&#8221; header_2_font_size_tablet=&#8221;60px&#8221; header_2_font_size_phone=&#8221;35px&#8221; positioning_last_edited=&#8221;off|desktop&#8221; locked=&#8221;off&#8221; sticky_enabled=&#8221;0&#8243;]<h1><span>Tak for din henvendelse<\/span><\/h1>[\/et_pb_text][et_pb_text _builder_version=&#8221;4.9.5&#8243; _module_preset=&#8221;default&#8221; text_font=&#8221;Sen||||||||&#8221; text_text_color=&#8221;#FFFFFF&#8221; text_font_size=&#8221;18px&#8221; link_font=&#8221;|700|||||||&#8221; link_text_color=&#8221;#47c2ec&#8221; header_font=&#8221;|300|||||||&#8221; header_font_size=&#8221;67px&#8221; custom_margin=&#8221;0px||0px||false|false&#8221; custom_margin_tablet=&#8221;||25px||false|false&#8221; custom_margin_phone=&#8221;||15px||false|false&#8221; custom_padding=&#8221;0px||||false|false&#8221; hover_enabled=&#8221;0&#8243; sticky_enabled=&#8221;0&#8243;]<p>Din besked er modtaget, vi betr\u00e6ber os p\u00e5 at besvare alle foresp\u00f8rgsler inden for 24 timer.<\/p>[\/et_pb_text][dsm_button button_one_text=&#8221;Tilbage til forsiden&#8221; button_one_url=&#8221;@ET-DC@eyJkeW5hbWljIjp0cnVlLCJjb250ZW50IjoicG9zdF9saW5rX3VybF9wYWdlIiwic2V0dGluZ3MiOnsicG9zdF9pZCI6IjQxIn19@&#8221; _builder_version=&#8221;4.9.5&#8243; _dynamic_attributes=&#8221;button_one_url&#8221; _module_preset=&#8221;default&#8221; custom_button_one=&#8221;on&#8221; button_one_text_size=&#8221;18px&#8221; button_one_text_color=&#8221;#FFFFFF&#8221; button_one_bg_color=&#8221;#47C2EC&#8221; button_one_border_width=&#8221;0px&#8221; button_one_border_radius=&#8221;8px&#8221; button_one_font=&#8221;Sen|700|||||||&#8221; button_one_custom_padding=&#8221;12px|25px|12px|25px|true|true&#8221; custom_button_two=&#8221;on&#8221; button_two_text_size=&#8221;18px&#8221; button_two_text_color=&#8221;#FFFFFF&#8221; button_two_bg_color=&#8221;#47C2EC&#8221; button_two_border_width=&#8221;0px&#8221; button_two_border_radius=&#8221;8px&#8221; button_two_font=&#8221;Sen||||||||&#8221; button_two_use_icon=&#8221;off&#8221; button_two_custom_padding=&#8221;12px|25px|12px|25px|true|true&#8221; custom_padding=&#8221;15px||||false|false&#8221; hover_enabled=&#8221;0&#8243; button_one_bg_color__hover_enabled=&#8221;on|desktop&#8221; button_one_bg_color__hover=&#8221;#162736&#8243; button_one_bg_enable_color__hover=&#8221;on&#8221; button_one_border_width__hover_enabled=&#8221;on|desktop&#8221; button_one_border_width__hover=&#8221;0px&#8221; button_two_bg_color__hover=&#8221;#162736&#8243; button_two_bg_color__hover_enabled=&#8221;on|desktop&#8221; button_two_border_width__hover=&#8221;0px&#8221; button_two_border_width__hover_enabled=&#8221;on|desktop&#8221; locked=&#8221;off&#8221; sticky_enabled=&#8221;0&#8243; button_one_icon=&#8221;%%35%%&#8221; button_one_icon_placement=&#8221;left&#8221; button_one_icon_color=&#8221;#FFFFFF&#8221;][\/dsm_button][\/et_pb_column][\/et_pb_row][\/et_pb_section][et_pb_section fb_built=&#8221;1&#8243; custom_padding_last_edited=&#8221;on|tablet&#8221; admin_label=&#8221;section&#8221; _builder_version=&#8221;4.9.5&#8243; background_color_gradient_direction=&#8221;90deg&#8221; background_enable_image=&#8221;off&#8221; background_position=&#8221;bottom_center&#8221; width_tablet=&#8221;95%&#8221; width_phone=&#8221;&#8221; width_last_edited=&#8221;on|desktop&#8221; module_alignment=&#8221;center&#8221; custom_margin=&#8221;||||true|false&#8221; custom_padding=&#8221;50px||50px||true|false&#8221; custom_padding_tablet=&#8221;5%||5%||true|false&#8221; custom_padding_phone=&#8221;5%||0px||false|false&#8221; background_enable_image_tablet=&#8221;off&#8221;][et_pb_row _builder_version=&#8221;4.9.5&#8243; custom_margin=&#8221;0px||0px||true|false&#8221; custom_padding=&#8221;0px||0px||true|false&#8221; hover_enabled=&#8221;0&#8243; border_color_bottom=&#8221;rgba(0,0,0,0.2)&#8221; sticky_enabled=&#8221;0&#8243;][et_pb_column type=&#8221;4_4&#8243; _builder_version=&#8221;4.9.4&#8243; custom_padding=&#8221;||||true|false&#8221; border_color_bottom=&#8221;#f9f7f9&#8243;][\/et_pb_column][\/et_pb_row][\/et_pb_section]\n","protected":false},"excerpt":{"rendered":"<p>Thank you for your inquiry. Your message has been received, we strive to answer all inquiries within 24 hours.<div class=\"et_pb_module dsm_button dsm_button_0 et_pb_bg_layout_light\">\n\t\t\t\t\n\t\t\t\t\n\t\t\t\t\n\t\t\t\t\n\t\t\t\t\n\t\t\t\t\n\t\t\t\t<div class=\"et_pb_module_inner\">\n\t\t\t\t\t<div class=\"et_pb_button_module_wrappers dsm_button_0_wrapper  et_pb_module\">\n\t\t\t\t<a class=\"et_pb_button et_pb_button_one et_pb_bg_layout_light dsm-none\"  href=\"http:\/\/&#8221;&#8221;\" data-dsm-lightbox-id=\"dsm_button_one_lightbox dsm_button_0\">&quot;Back<\/a>\n\t\t\t<\/div>\n\t\t\t\t<\/div>\n\t\t\t<\/div><\/p>","protected":false},"author":1,"featured_media":0,"parent":0,"menu_order":0,"comment_status":"closed","ping_status":"closed","template":"","meta":{"_et_pb_use_builder":"on","_et_pb_old_content":"","_et_gb_content_width":"","footnotes":""},"class_list":["post-56262","page","type-page","status-publish","hentry"],"_links":{"self":[{"href":"https:\/\/plastsolutions.dk\/eng\/wp-json\/wp\/v2\/pages\/56262","targetHints":{"allow":["GET"]}}],"collection":[{"href":"https:\/\/plastsolutions.dk\/eng\/wp-json\/wp\/v2\/pages"}],"about":[{"href":"https:\/\/plastsolutions.dk\/eng\/wp-json\/wp\/v2\/types\/page"}],"author":[{"embeddable":true,"href":"https:\/\/plastsolutions.dk\/eng\/wp-json\/wp\/v2\/users\/1"}],"replies":[{"embeddable":true,"href":"https:\/\/plastsolutions.dk\/eng\/wp-json\/wp\/v2\/comments?post=56262"}],"version-history":[{"count":4,"href":"https:\/\/plastsolutions.dk\/eng\/wp-json\/wp\/v2\/pages\/56262\/revisions"}],"predecessor-version":[{"id":56270,"href":"https:\/\/plastsolutions.dk\/eng\/wp-json\/wp\/v2\/pages\/56262\/revisions\/56270"}],"wp:attachment":[{"href":"https:\/\/plastsolutions.dk\/eng\/wp-json\/wp\/v2\/media?parent=56262"}],"curies":[{"name":"wp","href":"https:\/\/api.w.org\/{rel}","templated":true}]}}